{"id":9596,"date":"2025-07-12T04:57:18","date_gmt":"2025-07-12T04:57:18","guid":{"rendered":"https:\/\/yoosavers.com\/?post_type=product&#038;p=9596"},"modified":"2025-10-26T02:49:59","modified_gmt":"2025-10-26T02:49:59","slug":"teacher-created-resources-composition-blue-scalloped-border-trim-tcr9313","status":"publish","type":"product","link":"https:\/\/yoosavers.com\/fr\/produit\/teacher-created-resources-composition-blue-scalloped-border-trim-tcr9313\/","title":{"rendered":"Enseignant les Ressources Cr\u00e9\u00e9es Composition Bleu Gratin de la Fronti\u00e8re Garniture (TCR9313)"},"content":{"rendered":"<p>Use colorful border trim to liven up your classroom! Create fresh looks for bulletin boards, windows, walls, and class projects. Mix and match with coordinating products (stickers, notepads, awards, etc.) for a classroom theme. Each pack has 12 pieces (2 3\/16&#8221; x 35&#8221;) for a total length of 35 feet of trim!<\/p>","protected":false},"excerpt":{"rendered":"<p>Utilisez des fronti\u00e8res de garniture pour \u00e9gayer votre salle de classe! Cr\u00e9er des looks pour les tableaux d'affichage, les fen\u00eatres, les murs, et les projets de classe.<\/p>","protected":false},"featured_media":9597,"comment_status":"open","ping_status":"closed","template":"","meta":[],"product_brand":[],"product_cat":[29,117,21],"product_tag":[],"class_list":{"0":"post-9596","1":"product","2":"type-product","3":"status-publish","4":"has-post-thumbnail","6":"product_cat-borders","7":"product_cat-steals-and-deals","8":"product_cat-teacher-supplies","10":"first","11":"instock","12":"sale","13":"taxable","14":"shipping-taxable","15":"purchasable","16":"product-type-simple"},"yoast_head":"<!-- This site is optimized with the Yoast SEO plugin v27.2 - https:\/\/yoast.com\/product\/yoast-seo-wordpress\/ -->\n<title>Teacher Created Resources Composition Blue Scalloped Border Trim (TCR9313) - YooSavers<\/title>\n<meta name=\"robots\" content=\"index, follow, max-snippet:-1, max-image-preview:large, max-video-preview:-1\" \/>\n<link rel=\"canonical\" href=\"https:\/\/www.yoosavers.com\/fr\/produit\/teacher-created-resources-composition-blue-scalloped-border-trim-tcr9313\/\" \/>\n<meta property=\"og:locale\" content=\"fr_FR\" \/>\n<meta property=\"og:type\" content=\"article\" \/>\n<meta property=\"og:title\" content=\"Teacher Created Resources Composition Blue Scalloped Border Trim (TCR9313) - YooSavers\" \/>\n<meta property=\"og:description\" content=\"Use colorful border trim to liven up your classroom! Create fresh looks for bulletin boards, windows, walls, and class projects.\" \/>\n<meta property=\"og:url\" content=\"https:\/\/www.yoosavers.com\/fr\/produit\/teacher-created-resources-composition-blue-scalloped-border-trim-tcr9313\/\" \/>\n<meta property=\"og:site_name\" content=\"YooSavers\" \/>\n<meta property=\"article:modified_time\" content=\"2025-10-26T02:49:59+00:00\" \/>\n<meta property=\"og:image\" content=\"https:\/\/www.yoosavers.com\/wp-content\/uploads\/2025\/09\/TCR9313.jpg\" \/>\n\t<meta property=\"og:image:width\" content=\"1000\" \/>\n\t<meta property=\"og:image:height\" content=\"750\" \/>\n\t<meta property=\"og:image:type\" content=\"image\/jpeg\" \/>\n<meta name=\"twitter:card\" content=\"summary_large_image\" \/>\n<script type=\"application\/ld+json\" class=\"yoast-schema-graph\">{\"@context\":\"https:\/\/schema.org\",\"@graph\":[{\"@type\":\"WebPage\",\"@id\":\"https:\/\/www.yoosavers.com\/fr\/produit\/teacher-created-resources-composition-blue-scalloped-border-trim-tcr9313\/\",\"url\":\"https:\/\/www.yoosavers.com\/fr\/produit\/teacher-created-resources-composition-blue-scalloped-border-trim-tcr9313\/\",\"name\":\"Teacher Created Resources Composition Blue Scalloped Border Trim (TCR9313) - YooSavers\",\"isPartOf\":{\"@id\":\"https:\/\/yoosavers.com\/#website\"},\"primaryImageOfPage\":{\"@id\":\"https:\/\/www.yoosavers.com\/fr\/produit\/teacher-created-resources-composition-blue-scalloped-border-trim-tcr9313\/#primaryimage\"},\"image\":{\"@id\":\"https:\/\/www.yoosavers.com\/fr\/produit\/teacher-created-resources-composition-blue-scalloped-border-trim-tcr9313\/#primaryimage\"},\"thumbnailUrl\":\"https:\/\/yoosavers.com\/wp-content\/uploads\/2025\/09\/TCR9313.jpg\",\"datePublished\":\"2025-07-12T04:57:18+00:00\",\"dateModified\":\"2025-10-26T02:49:59+00:00\",\"breadcrumb\":{\"@id\":\"https:\/\/www.yoosavers.com\/fr\/produit\/teacher-created-resources-composition-blue-scalloped-border-trim-tcr9313\/#breadcrumb\"},\"inLanguage\":\"fr-FR\",\"potentialAction\":[{\"@type\":\"ReadAction\",\"target\":[\"https:\/\/www.yoosavers.com\/fr\/produit\/teacher-created-resources-composition-blue-scalloped-border-trim-tcr9313\/\"]}]},{\"@type\":\"ImageObject\",\"inLanguage\":\"fr-FR\",\"@id\":\"https:\/\/www.yoosavers.com\/fr\/produit\/teacher-created-resources-composition-blue-scalloped-border-trim-tcr9313\/#primaryimage\",\"url\":\"https:\/\/yoosavers.com\/wp-content\/uploads\/2025\/09\/TCR9313.jpg\",\"contentUrl\":\"https:\/\/yoosavers.com\/wp-content\/uploads\/2025\/09\/TCR9313.jpg\",\"width\":1000,\"height\":750,\"caption\":\"Version 1.0.0\"},{\"@type\":\"BreadcrumbList\",\"@id\":\"https:\/\/www.yoosavers.com\/fr\/produit\/teacher-created-resources-composition-blue-scalloped-border-trim-tcr9313\/#breadcrumb\",\"itemListElement\":[{\"@type\":\"ListItem\",\"position\":1,\"name\":\"Home\",\"item\":\"https:\/\/yoosavers.com\/\"},{\"@type\":\"ListItem\",\"position\":2,\"name\":\"Shop\",\"item\":\"https:\/\/yoosavers.com\/shop\/\"},{\"@type\":\"ListItem\",\"position\":3,\"name\":\"Teacher Created Resources Composition Blue Scalloped Border Trim (TCR9313)\"}]},{\"@type\":\"WebSite\",\"@id\":\"https:\/\/yoosavers.com\/#website\",\"url\":\"https:\/\/yoosavers.com\/\",\"name\":\"YooSavers\",\"description\":\"Unlocking Savings, Embracing Abundance\",\"potentialAction\":[{\"@type\":\"SearchAction\",\"target\":{\"@type\":\"EntryPoint\",\"urlTemplate\":\"https:\/\/yoosavers.com\/?s={search_term_string}\"},\"query-input\":{\"@type\":\"PropertyValueSpecification\",\"valueRequired\":true,\"valueName\":\"search_term_string\"}}],\"inLanguage\":\"fr-FR\"}]}<\/script>\n<!-- \/ Yoast SEO plugin. -->","yoast_head_json":{"title":"Teacher Created Resources Composition Blue Scalloped Border Trim (TCR9313) - YooSavers","robots":{"index":"index","follow":"follow","max-snippet":"max-snippet:-1","max-image-preview":"max-image-preview:large","max-video-preview":"max-video-preview:-1"},"canonical":"https:\/\/www.yoosavers.com\/fr\/produit\/teacher-created-resources-composition-blue-scalloped-border-trim-tcr9313\/","og_locale":"fr_FR","og_type":"article","og_title":"Teacher Created Resources Composition Blue Scalloped Border Trim (TCR9313) - YooSavers","og_description":"Use colorful border trim to liven up your classroom! Create fresh looks for bulletin boards, windows, walls, and class projects.","og_url":"https:\/\/www.yoosavers.com\/fr\/produit\/teacher-created-resources-composition-blue-scalloped-border-trim-tcr9313\/","og_site_name":"YooSavers","article_modified_time":"2025-10-26T02:49:59+00:00","og_image":[{"width":1000,"height":750,"url":"https:\/\/www.yoosavers.com\/wp-content\/uploads\/2025\/09\/TCR9313.jpg","type":"image\/jpeg"}],"twitter_card":"summary_large_image","schema":{"@context":"https:\/\/schema.org","@graph":[{"@type":"WebPage","@id":"https:\/\/www.yoosavers.com\/fr\/produit\/teacher-created-resources-composition-blue-scalloped-border-trim-tcr9313\/","url":"https:\/\/www.yoosavers.com\/fr\/produit\/teacher-created-resources-composition-blue-scalloped-border-trim-tcr9313\/","name":"Teacher Created Resources Composition Blue Scalloped Border Trim (TCR9313) - YooSavers","isPartOf":{"@id":"https:\/\/yoosavers.com\/#website"},"primaryImageOfPage":{"@id":"https:\/\/www.yoosavers.com\/fr\/produit\/teacher-created-resources-composition-blue-scalloped-border-trim-tcr9313\/#primaryimage"},"image":{"@id":"https:\/\/www.yoosavers.com\/fr\/produit\/teacher-created-resources-composition-blue-scalloped-border-trim-tcr9313\/#primaryimage"},"thumbnailUrl":"https:\/\/yoosavers.com\/wp-content\/uploads\/2025\/09\/TCR9313.jpg","datePublished":"2025-07-12T04:57:18+00:00","dateModified":"2025-10-26T02:49:59+00:00","breadcrumb":{"@id":"https:\/\/www.yoosavers.com\/fr\/produit\/teacher-created-resources-composition-blue-scalloped-border-trim-tcr9313\/#breadcrumb"},"inLanguage":"fr-FR","potentialAction":[{"@type":"ReadAction","target":["https:\/\/www.yoosavers.com\/fr\/produit\/teacher-created-resources-composition-blue-scalloped-border-trim-tcr9313\/"]}]},{"@type":"ImageObject","inLanguage":"fr-FR","@id":"https:\/\/www.yoosavers.com\/fr\/produit\/teacher-created-resources-composition-blue-scalloped-border-trim-tcr9313\/#primaryimage","url":"https:\/\/yoosavers.com\/wp-content\/uploads\/2025\/09\/TCR9313.jpg","contentUrl":"https:\/\/yoosavers.com\/wp-content\/uploads\/2025\/09\/TCR9313.jpg","width":1000,"height":750,"caption":"Version 1.0.0"},{"@type":"BreadcrumbList","@id":"https:\/\/www.yoosavers.com\/fr\/produit\/teacher-created-resources-composition-blue-scalloped-border-trim-tcr9313\/#breadcrumb","itemListElement":[{"@type":"ListItem","position":1,"name":"Home","item":"https:\/\/yoosavers.com\/"},{"@type":"ListItem","position":2,"name":"Shop","item":"https:\/\/yoosavers.com\/shop\/"},{"@type":"ListItem","position":3,"name":"Teacher Created Resources Composition Blue Scalloped Border Trim (TCR9313)"}]},{"@type":"WebSite","@id":"https:\/\/yoosavers.com\/#website","url":"https:\/\/yoosavers.com\/","name":"YooSavers","description":"Unlocking Savings, Embracing Abundance","potentialAction":[{"@type":"SearchAction","target":{"@type":"EntryPoint","urlTemplate":"https:\/\/yoosavers.com\/?s={search_term_string}"},"query-input":{"@type":"PropertyValueSpecification","valueRequired":true,"valueName":"search_term_string"}}],"inLanguage":"fr-FR"}]}},"_links":{"self":[{"href":"https:\/\/yoosavers.com\/fr\/wp-json\/wp\/v2\/product\/9596","targetHints":{"allow":["GET"]}}],"collection":[{"href":"https:\/\/yoosavers.com\/fr\/wp-json\/wp\/v2\/product"}],"about":[{"href":"https:\/\/yoosavers.com\/fr\/wp-json\/wp\/v2\/types\/product"}],"replies":[{"embeddable":true,"href":"https:\/\/yoosavers.com\/fr\/wp-json\/wp\/v2\/comments?post=9596"}],"version-history":[{"count":1,"href":"https:\/\/yoosavers.com\/fr\/wp-json\/wp\/v2\/product\/9596\/revisions"}],"predecessor-version":[{"id":12998,"href":"https:\/\/yoosavers.com\/fr\/wp-json\/wp\/v2\/product\/9596\/revisions\/12998"}],"wp:featuredmedia":[{"embeddable":true,"href":"https:\/\/yoosavers.com\/fr\/wp-json\/wp\/v2\/media\/9597"}],"wp:attachment":[{"href":"https:\/\/yoosavers.com\/fr\/wp-json\/wp\/v2\/media?parent=9596"}],"wp:term":[{"taxonomy":"product_brand","embeddable":true,"href":"https:\/\/yoosavers.com\/fr\/wp-json\/wp\/v2\/product_brand?post=9596"},{"taxonomy":"product_cat","embeddable":true,"href":"https:\/\/yoosavers.com\/fr\/wp-json\/wp\/v2\/product_cat?post=9596"},{"taxonomy":"product_tag","embeddable":true,"href":"https:\/\/yoosavers.com\/fr\/wp-json\/wp\/v2\/product_tag?post=9596"}],"curies":[{"name":"wp","href":"https:\/\/api.w.org\/{rel}","templated":true}]}}