{"id":6657,"date":"2023-11-11T22:58:13","date_gmt":"2023-11-11T22:58:13","guid":{"rendered":"https:\/\/yoosavers.com\/?post_type=product&#038;p=6657"},"modified":"2025-10-26T03:10:02","modified_gmt":"2025-10-26T03:10:02","slug":"bruder-02457-cat-mini-excavator","status":"publish","type":"product","link":"https:\/\/yoosavers.com\/fr\/produit\/bruder-02457-cat-mini-excavator\/","title":{"rendered":"Bruder 02457 CAT Mini Excavator"},"content":{"rendered":"<div class='__sc-features-section'>\n<div class='row'>\n<div class='col col-sm-8 section'>\n<div class='features'>\n<p><b>FEATURES<\/b><\/p>\n<ul>\n<li>Size: 40.9 cm \u00d7 16.3 cm \u00d7 18.0 cm (approx. 16.1 inches \u00d7 6.4 inches \u00d7 7.1 inches).<\/li>\n<li>With its swiveling excavator arm, detachable bucket, and rotating chassis, the mini excavator offers a variety of interactive functions for imaginative play.<\/li>\n<li>The model comes with ample accessories, including an opening engine bonnet, glazed cab with an opening door, and genuine chain links for added realism.<\/li>\n<li>Designed for children aged 3 years and up, the Cat Mini Excavator is suitable for both indoor and outdoor play, making it a versatile and exciting toy.<\/li>\n<li>Made from durable ABS plastic, this mini excavator ensures long-lasting fun while adhering to safety standards (WARNING: Not suitable for children under 36 months due to small parts).<\/li>\n<\/ul>\n<\/p><\/div>\n<\/p><\/div>\n<\/p><\/div>\n<\/div>","protected":false},"excerpt":{"rendered":"<p>FEATURES Size: 40.9 cm \u00d7 16.3 cm \u00d7 18.0 cm (approx. 16.1 inches \u00d7 6.4 inches \u00d7 7.1 inches). With<\/p>","protected":false},"featured_media":6658,"comment_status":"open","ping_status":"closed","template":"","meta":[],"product_brand":[],"product_cat":[48],"product_tag":[],"class_list":{"0":"post-6657","1":"product","2":"type-product","3":"status-publish","4":"has-post-thumbnail","6":"product_cat-cars-trucks-buses","8":"first","9":"instock","10":"featured","11":"taxable","12":"shipping-taxable","13":"purchasable","14":"product-type-simple"},"yoast_head":"<!-- This site is optimized with the Yoast SEO plugin v27.2 - https:\/\/yoast.com\/product\/yoast-seo-wordpress\/ -->\n<title>Bruder 02457 CAT Mini Excavator - YooSavers<\/title>\n<meta name=\"robots\" content=\"index, follow, max-snippet:-1, max-image-preview:large, max-video-preview:-1\" \/>\n<link rel=\"canonical\" href=\"https:\/\/www.yoosavers.com\/fr\/produit\/bruder-02457-cat-mini-excavator\/\" \/>\n<meta property=\"og:locale\" content=\"fr_FR\" \/>\n<meta property=\"og:type\" content=\"article\" \/>\n<meta property=\"og:title\" content=\"Bruder 02457 CAT Mini Excavator - YooSavers\" \/>\n<meta property=\"og:description\" content=\"FEATURES Size: 40.9 cm \u00d7 16.3 cm \u00d7 18.0 cm (approx. 16.1 inches \u00d7 6.4 inches \u00d7 7.1 inches). With\" \/>\n<meta property=\"og:url\" content=\"https:\/\/www.yoosavers.com\/fr\/produit\/bruder-02457-cat-mini-excavator\/\" \/>\n<meta property=\"og:site_name\" content=\"YooSavers\" \/>\n<meta property=\"article:modified_time\" content=\"2025-10-26T03:10:02+00:00\" \/>\n<meta property=\"og:image\" content=\"https:\/\/www.yoosavers.com\/wp-content\/uploads\/2025\/09\/71KoSdx6IrL.jpg\" \/>\n\t<meta property=\"og:image:width\" content=\"2560\" \/>\n\t<meta property=\"og:image:height\" content=\"1397\" \/>\n\t<meta property=\"og:image:type\" content=\"image\/jpeg\" \/>\n<meta name=\"twitter:card\" content=\"summary_large_image\" \/>\n<meta name=\"twitter:label1\" content=\"Dur\u00e9e de lecture estim\u00e9e\" \/>\n\t<meta name=\"twitter:data1\" content=\"1 minute\" \/>\n<script type=\"application\/ld+json\" class=\"yoast-schema-graph\">{\"@context\":\"https:\/\/schema.org\",\"@graph\":[{\"@type\":\"WebPage\",\"@id\":\"https:\/\/www.yoosavers.com\/fr\/produit\/bruder-02457-cat-mini-excavator\/\",\"url\":\"https:\/\/www.yoosavers.com\/fr\/produit\/bruder-02457-cat-mini-excavator\/\",\"name\":\"Bruder 02457 CAT Mini Excavator - YooSavers\",\"isPartOf\":{\"@id\":\"https:\/\/yoosavers.com\/#website\"},\"primaryImageOfPage\":{\"@id\":\"https:\/\/www.yoosavers.com\/fr\/produit\/bruder-02457-cat-mini-excavator\/#primaryimage\"},\"image\":{\"@id\":\"https:\/\/www.yoosavers.com\/fr\/produit\/bruder-02457-cat-mini-excavator\/#primaryimage\"},\"thumbnailUrl\":\"https:\/\/yoosavers.com\/wp-content\/uploads\/2025\/09\/71KoSdx6IrL.jpg\",\"datePublished\":\"2023-11-11T22:58:13+00:00\",\"dateModified\":\"2025-10-26T03:10:02+00:00\",\"breadcrumb\":{\"@id\":\"https:\/\/www.yoosavers.com\/fr\/produit\/bruder-02457-cat-mini-excavator\/#breadcrumb\"},\"inLanguage\":\"fr-FR\",\"potentialAction\":[{\"@type\":\"ReadAction\",\"target\":[\"https:\/\/www.yoosavers.com\/fr\/produit\/bruder-02457-cat-mini-excavator\/\"]}]},{\"@type\":\"ImageObject\",\"inLanguage\":\"fr-FR\",\"@id\":\"https:\/\/www.yoosavers.com\/fr\/produit\/bruder-02457-cat-mini-excavator\/#primaryimage\",\"url\":\"https:\/\/yoosavers.com\/wp-content\/uploads\/2025\/09\/71KoSdx6IrL.jpg\",\"contentUrl\":\"https:\/\/yoosavers.com\/wp-content\/uploads\/2025\/09\/71KoSdx6IrL.jpg\",\"width\":2560,\"height\":1397},{\"@type\":\"BreadcrumbList\",\"@id\":\"https:\/\/www.yoosavers.com\/fr\/produit\/bruder-02457-cat-mini-excavator\/#breadcrumb\",\"itemListElement\":[{\"@type\":\"ListItem\",\"position\":1,\"name\":\"Home\",\"item\":\"https:\/\/yoosavers.com\/\"},{\"@type\":\"ListItem\",\"position\":2,\"name\":\"Shop\",\"item\":\"http:\/\/yoosavers.com\/shop\/\"},{\"@type\":\"ListItem\",\"position\":3,\"name\":\"Bruder 02457 CAT Mini Excavator\"}]},{\"@type\":\"WebSite\",\"@id\":\"https:\/\/yoosavers.com\/#website\",\"url\":\"https:\/\/yoosavers.com\/\",\"name\":\"YooSavers\",\"description\":\"Unlocking Savings, Embracing Abundance\",\"potentialAction\":[{\"@type\":\"SearchAction\",\"target\":{\"@type\":\"EntryPoint\",\"urlTemplate\":\"https:\/\/yoosavers.com\/?s={search_term_string}\"},\"query-input\":{\"@type\":\"PropertyValueSpecification\",\"valueRequired\":true,\"valueName\":\"search_term_string\"}}],\"inLanguage\":\"fr-FR\"}]}<\/script>\n<!-- \/ Yoast SEO plugin. -->","yoast_head_json":{"title":"Bruder 02457 CAT Mini Excavator - YooSavers","robots":{"index":"index","follow":"follow","max-snippet":"max-snippet:-1","max-image-preview":"max-image-preview:large","max-video-preview":"max-video-preview:-1"},"canonical":"https:\/\/www.yoosavers.com\/fr\/produit\/bruder-02457-cat-mini-excavator\/","og_locale":"fr_FR","og_type":"article","og_title":"Bruder 02457 CAT Mini Excavator - YooSavers","og_description":"FEATURES Size: 40.9 cm \u00d7 16.3 cm \u00d7 18.0 cm (approx. 16.1 inches \u00d7 6.4 inches \u00d7 7.1 inches). With","og_url":"https:\/\/www.yoosavers.com\/fr\/produit\/bruder-02457-cat-mini-excavator\/","og_site_name":"YooSavers","article_modified_time":"2025-10-26T03:10:02+00:00","og_image":[{"width":2560,"height":1397,"url":"https:\/\/www.yoosavers.com\/wp-content\/uploads\/2025\/09\/71KoSdx6IrL.jpg","type":"image\/jpeg"}],"twitter_card":"summary_large_image","twitter_misc":{"Dur\u00e9e de lecture estim\u00e9e":"1 minute"},"schema":{"@context":"https:\/\/schema.org","@graph":[{"@type":"WebPage","@id":"https:\/\/www.yoosavers.com\/fr\/produit\/bruder-02457-cat-mini-excavator\/","url":"https:\/\/www.yoosavers.com\/fr\/produit\/bruder-02457-cat-mini-excavator\/","name":"Bruder 02457 CAT Mini Excavator - YooSavers","isPartOf":{"@id":"https:\/\/yoosavers.com\/#website"},"primaryImageOfPage":{"@id":"https:\/\/www.yoosavers.com\/fr\/produit\/bruder-02457-cat-mini-excavator\/#primaryimage"},"image":{"@id":"https:\/\/www.yoosavers.com\/fr\/produit\/bruder-02457-cat-mini-excavator\/#primaryimage"},"thumbnailUrl":"https:\/\/yoosavers.com\/wp-content\/uploads\/2025\/09\/71KoSdx6IrL.jpg","datePublished":"2023-11-11T22:58:13+00:00","dateModified":"2025-10-26T03:10:02+00:00","breadcrumb":{"@id":"https:\/\/www.yoosavers.com\/fr\/produit\/bruder-02457-cat-mini-excavator\/#breadcrumb"},"inLanguage":"fr-FR","potentialAction":[{"@type":"ReadAction","target":["https:\/\/www.yoosavers.com\/fr\/produit\/bruder-02457-cat-mini-excavator\/"]}]},{"@type":"ImageObject","inLanguage":"fr-FR","@id":"https:\/\/www.yoosavers.com\/fr\/produit\/bruder-02457-cat-mini-excavator\/#primaryimage","url":"https:\/\/yoosavers.com\/wp-content\/uploads\/2025\/09\/71KoSdx6IrL.jpg","contentUrl":"https:\/\/yoosavers.com\/wp-content\/uploads\/2025\/09\/71KoSdx6IrL.jpg","width":2560,"height":1397},{"@type":"BreadcrumbList","@id":"https:\/\/www.yoosavers.com\/fr\/produit\/bruder-02457-cat-mini-excavator\/#breadcrumb","itemListElement":[{"@type":"ListItem","position":1,"name":"Home","item":"https:\/\/yoosavers.com\/"},{"@type":"ListItem","position":2,"name":"Shop","item":"http:\/\/yoosavers.com\/shop\/"},{"@type":"ListItem","position":3,"name":"Bruder 02457 CAT Mini Excavator"}]},{"@type":"WebSite","@id":"https:\/\/yoosavers.com\/#website","url":"https:\/\/yoosavers.com\/","name":"YooSavers","description":"Unlocking Savings, Embracing Abundance","potentialAction":[{"@type":"SearchAction","target":{"@type":"EntryPoint","urlTemplate":"https:\/\/yoosavers.com\/?s={search_term_string}"},"query-input":{"@type":"PropertyValueSpecification","valueRequired":true,"valueName":"search_term_string"}}],"inLanguage":"fr-FR"}]}},"_links":{"self":[{"href":"https:\/\/yoosavers.com\/fr\/wp-json\/wp\/v2\/product\/6657","targetHints":{"allow":["GET"]}}],"collection":[{"href":"https:\/\/yoosavers.com\/fr\/wp-json\/wp\/v2\/product"}],"about":[{"href":"https:\/\/yoosavers.com\/fr\/wp-json\/wp\/v2\/types\/product"}],"replies":[{"embeddable":true,"href":"https:\/\/yoosavers.com\/fr\/wp-json\/wp\/v2\/comments?post=6657"}],"version-history":[{"count":0,"href":"https:\/\/yoosavers.com\/fr\/wp-json\/wp\/v2\/product\/6657\/revisions"}],"wp:featuredmedia":[{"embeddable":true,"href":"https:\/\/yoosavers.com\/fr\/wp-json\/wp\/v2\/media\/6658"}],"wp:attachment":[{"href":"https:\/\/yoosavers.com\/fr\/wp-json\/wp\/v2\/media?parent=6657"}],"wp:term":[{"taxonomy":"product_brand","embeddable":true,"href":"https:\/\/yoosavers.com\/fr\/wp-json\/wp\/v2\/product_brand?post=6657"},{"taxonomy":"product_cat","embeddable":true,"href":"https:\/\/yoosavers.com\/fr\/wp-json\/wp\/v2\/product_cat?post=6657"},{"taxonomy":"product_tag","embeddable":true,"href":"https:\/\/yoosavers.com\/fr\/wp-json\/wp\/v2\/product_tag?post=6657"}],"curies":[{"name":"wp","href":"https:\/\/api.w.org\/{rel}","templated":true}]}}