{"id":341,"date":"2023-06-20T02:30:35","date_gmt":"2023-06-20T02:30:35","guid":{"rendered":"https:\/\/yoosavers.com\/?post_type=product&#038;p=341"},"modified":"2025-09-22T21:18:19","modified_gmt":"2025-09-22T21:18:19","slug":"bazic-6-3-4-self-seal-security-envelopes-55-pack","status":"publish","type":"product","link":"https:\/\/yoosavers.com\/fr\/produit\/bazic-6-3-4-self-seal-security-envelopes-55-pack\/","title":{"rendered":"BAZIC #6 3\/4 d'Auto-\u00c9tanch\u00e9it\u00e9 des Enveloppes de protection (55\/Pack)"},"content":{"rendered":"<h2><b>Details<\/b><\/h2>\n<p>BACK TO BAZIC Our goal is to provide each customer with long-lasting supplies at an affordable cost. Since 1998, we\u2019ve delivered on this promise and will only continue to improve every year. We\u2019ve built our brand on integrity and quality, so customers know exactly what to expect. COMMITTED TO VALUES We are a value-driven company, guided by the principles of excellence through strong product design at low cost. Our commitment to these values is reflected in our dedication to improving current products and developing new exciting products for our consumers.\u00a0We thrive on imagination, passion and leadership. We have great products and will to continue to rise with our customer expectations.<\/p>","protected":false},"excerpt":{"rendered":"<p><b>Features:<\/b><\/p>\n<ul>\n<li>\u2b50 #6-3\/4 SECURITY ENVELOPES. These 3 5\/8&#8243; x 6 1\/2&#8243; inch envelopes are designed with security print to protect contents and sensitive information, perfect for protecting sensitive information from others.<\/li>\n<li>\u2b50 SECURE. Just peel and seal to create a strong lasting seal without licking or moistening. Our self seal design is quick and easy and is guaranteed to stay sealed with no need for tape or glue sticks.<\/li>\n<li>\u2b50 WINDOWLESS DESIGN. Envelopes manufactured with a windowless front panel for easy printing, labeling or hand-addressing, perfect for quick, mass business mailings.<\/li>\n<li>\u2b50 WHITE 20LB STOCK. Perfect for everyday business use, these standard white envelopes are crafted of heavy, durable 20lb paper and securely holds hefty files during transit.<\/li>\n<li>\u2b50 MULTI-PURPOSE. These envelopes can easily fit invoices, letters, checks, gift cards, etc. These envelopes can be used for virtually anything you need them for!<\/li>\n<\/ul>\n<p><b>PartNumber:<\/b>\u00a05066<\/p>\n<p><b>Model:<\/b>\u00a05066<\/p>","protected":false},"featured_media":342,"comment_status":"open","ping_status":"closed","template":"","meta":[],"product_brand":[],"product_cat":[18],"product_tag":[],"class_list":{"0":"post-341","1":"product","2":"type-product","3":"status-publish","4":"has-post-thumbnail","6":"product_cat-personal-care","8":"first","9":"outofstock","10":"taxable","11":"shipping-taxable","12":"purchasable","13":"product-type-simple"},"yoast_head":"<!-- This site is optimized with the Yoast SEO plugin v27.2 - https:\/\/yoast.com\/product\/yoast-seo-wordpress\/ -->\n<title>BAZIC #6 3\/4 Self-Seal Security Envelopes (55\/Pack) - YooSavers<\/title>\n<meta name=\"robots\" content=\"index, follow, max-snippet:-1, max-image-preview:large, max-video-preview:-1\" \/>\n<link rel=\"canonical\" href=\"https:\/\/yoosavers.com\/fr\/produit\/bazic-6-3-4-self-seal-security-envelopes-55-pack\/\" \/>\n<meta property=\"og:locale\" content=\"fr_FR\" \/>\n<meta property=\"og:type\" content=\"article\" \/>\n<meta property=\"og:title\" content=\"BAZIC #6 3\/4 Self-Seal Security Envelopes (55\/Pack) - YooSavers\" \/>\n<meta property=\"og:description\" content=\"Features:   \u2b50 #6-3\/4 SECURITY ENVELOPES. These 3 5\/8&quot; x 6 1\/2&quot; inch envelopes are designed with security print to protect contents and sensitive information, perfect for protecting sensitive information from others.  \u2b50 SECURE. Just peel and seal to create a strong lasting seal without licking or moistening. Our self seal design is quick and easy and is guaranteed to stay sealed with no need for tape or glue sticks.  \u2b50 WINDOWLESS DESIGN. Envelopes manufactured with a windowless front panel for easy printing, labeling or hand-addressing, perfect for quick, mass business mailings.  \u2b50 WHITE 20LB STOCK. Perfect for everyday business use, these standard white envelopes are crafted of heavy, durable 20lb paper and securely holds hefty files during transit.  \u2b50 MULTI-PURPOSE. These envelopes can easily fit invoices, letters, checks, gift cards, etc. These envelopes can be used for virtually anything you need them for!  PartNumber:\u00a05066  Model:\u00a05066\" \/>\n<meta property=\"og:url\" content=\"https:\/\/yoosavers.com\/fr\/produit\/bazic-6-3-4-self-seal-security-envelopes-55-pack\/\" \/>\n<meta property=\"og:site_name\" content=\"YooSavers\" \/>\n<meta property=\"article:modified_time\" content=\"2025-09-22T21:18:19+00:00\" \/>\n<meta property=\"og:image\" content=\"https:\/\/yoosavers.com\/wp-content\/uploads\/2025\/09\/41k9UtwNu7L_e0ce7132-5924-4243-ba9d-afe422f7cdbf.jpg\" \/>\n\t<meta property=\"og:image:width\" content=\"500\" \/>\n\t<meta property=\"og:image:height\" content=\"500\" \/>\n\t<meta property=\"og:image:type\" content=\"image\/jpeg\" \/>\n<meta name=\"twitter:card\" content=\"summary_large_image\" \/>\n<meta name=\"twitter:label1\" content=\"Dur\u00e9e de lecture estim\u00e9e\" \/>\n\t<meta name=\"twitter:data1\" content=\"1 minute\" \/>\n<script type=\"application\/ld+json\" class=\"yoast-schema-graph\">{\"@context\":\"https:\/\/schema.org\",\"@graph\":[{\"@type\":\"WebPage\",\"@id\":\"https:\/\/yoosavers.com\/fr\/produit\/bazic-6-3-4-self-seal-security-envelopes-55-pack\/\",\"url\":\"https:\/\/yoosavers.com\/fr\/produit\/bazic-6-3-4-self-seal-security-envelopes-55-pack\/\",\"name\":\"BAZIC #6 3\/4 Self-Seal Security Envelopes (55\/Pack) - YooSavers\",\"isPartOf\":{\"@id\":\"https:\/\/yoosavers.com\/#website\"},\"primaryImageOfPage\":{\"@id\":\"https:\/\/yoosavers.com\/fr\/produit\/bazic-6-3-4-self-seal-security-envelopes-55-pack\/#primaryimage\"},\"image\":{\"@id\":\"https:\/\/yoosavers.com\/fr\/produit\/bazic-6-3-4-self-seal-security-envelopes-55-pack\/#primaryimage\"},\"thumbnailUrl\":\"https:\/\/yoosavers.com\/wp-content\/uploads\/2025\/09\/41k9UtwNu7L_e0ce7132-5924-4243-ba9d-afe422f7cdbf.jpg\",\"datePublished\":\"2023-06-20T02:30:35+00:00\",\"dateModified\":\"2025-09-22T21:18:19+00:00\",\"breadcrumb\":{\"@id\":\"https:\/\/yoosavers.com\/fr\/produit\/bazic-6-3-4-self-seal-security-envelopes-55-pack\/#breadcrumb\"},\"inLanguage\":\"fr-FR\",\"potentialAction\":[{\"@type\":\"ReadAction\",\"target\":[\"https:\/\/yoosavers.com\/fr\/produit\/bazic-6-3-4-self-seal-security-envelopes-55-pack\/\"]}]},{\"@type\":\"ImageObject\",\"inLanguage\":\"fr-FR\",\"@id\":\"https:\/\/yoosavers.com\/fr\/produit\/bazic-6-3-4-self-seal-security-envelopes-55-pack\/#primaryimage\",\"url\":\"https:\/\/yoosavers.com\/wp-content\/uploads\/2025\/09\/41k9UtwNu7L_e0ce7132-5924-4243-ba9d-afe422f7cdbf.jpg\",\"contentUrl\":\"https:\/\/yoosavers.com\/wp-content\/uploads\/2025\/09\/41k9UtwNu7L_e0ce7132-5924-4243-ba9d-afe422f7cdbf.jpg\",\"width\":500,\"height\":500},{\"@type\":\"BreadcrumbList\",\"@id\":\"https:\/\/yoosavers.com\/fr\/produit\/bazic-6-3-4-self-seal-security-envelopes-55-pack\/#breadcrumb\",\"itemListElement\":[{\"@type\":\"ListItem\",\"position\":1,\"name\":\"Home\",\"item\":\"https:\/\/yoosavers.com\/\"},{\"@type\":\"ListItem\",\"position\":2,\"name\":\"Shop\",\"item\":\"http:\/\/yoosavers.com\/shop\/\"},{\"@type\":\"ListItem\",\"position\":3,\"name\":\"BAZIC #6 3\/4 Self-Seal Security Envelopes (55\/Pack)\"}]},{\"@type\":\"WebSite\",\"@id\":\"https:\/\/yoosavers.com\/#website\",\"url\":\"https:\/\/yoosavers.com\/\",\"name\":\"YooSavers\",\"description\":\"Unlocking Savings, Embracing Abundance\",\"potentialAction\":[{\"@type\":\"SearchAction\",\"target\":{\"@type\":\"EntryPoint\",\"urlTemplate\":\"https:\/\/yoosavers.com\/?s={search_term_string}\"},\"query-input\":{\"@type\":\"PropertyValueSpecification\",\"valueRequired\":true,\"valueName\":\"search_term_string\"}}],\"inLanguage\":\"fr-FR\"}]}<\/script>\n<!-- \/ Yoast SEO plugin. -->","yoast_head_json":{"title":"BAZIC #6 3\/4 Self-Seal Security Envelopes (55\/Pack) - YooSavers","robots":{"index":"index","follow":"follow","max-snippet":"max-snippet:-1","max-image-preview":"max-image-preview:large","max-video-preview":"max-video-preview:-1"},"canonical":"https:\/\/yoosavers.com\/fr\/produit\/bazic-6-3-4-self-seal-security-envelopes-55-pack\/","og_locale":"fr_FR","og_type":"article","og_title":"BAZIC #6 3\/4 Self-Seal Security Envelopes (55\/Pack) - YooSavers","og_description":"Features:   \u2b50 #6-3\/4 SECURITY ENVELOPES. These 3 5\/8\" x 6 1\/2\" inch envelopes are designed with security print to protect contents and sensitive information, perfect for protecting sensitive information from others.  \u2b50 SECURE. Just peel and seal to create a strong lasting seal without licking or moistening. Our self seal design is quick and easy and is guaranteed to stay sealed with no need for tape or glue sticks.  \u2b50 WINDOWLESS DESIGN. Envelopes manufactured with a windowless front panel for easy printing, labeling or hand-addressing, perfect for quick, mass business mailings.  \u2b50 WHITE 20LB STOCK. Perfect for everyday business use, these standard white envelopes are crafted of heavy, durable 20lb paper and securely holds hefty files during transit.  \u2b50 MULTI-PURPOSE. These envelopes can easily fit invoices, letters, checks, gift cards, etc. These envelopes can be used for virtually anything you need them for!  PartNumber:\u00a05066  Model:\u00a05066","og_url":"https:\/\/yoosavers.com\/fr\/produit\/bazic-6-3-4-self-seal-security-envelopes-55-pack\/","og_site_name":"YooSavers","article_modified_time":"2025-09-22T21:18:19+00:00","og_image":[{"width":500,"height":500,"url":"https:\/\/yoosavers.com\/wp-content\/uploads\/2025\/09\/41k9UtwNu7L_e0ce7132-5924-4243-ba9d-afe422f7cdbf.jpg","type":"image\/jpeg"}],"twitter_card":"summary_large_image","twitter_misc":{"Dur\u00e9e de lecture estim\u00e9e":"1 minute"},"schema":{"@context":"https:\/\/schema.org","@graph":[{"@type":"WebPage","@id":"https:\/\/yoosavers.com\/fr\/produit\/bazic-6-3-4-self-seal-security-envelopes-55-pack\/","url":"https:\/\/yoosavers.com\/fr\/produit\/bazic-6-3-4-self-seal-security-envelopes-55-pack\/","name":"BAZIC #6 3\/4 Self-Seal Security Envelopes (55\/Pack) - YooSavers","isPartOf":{"@id":"https:\/\/yoosavers.com\/#website"},"primaryImageOfPage":{"@id":"https:\/\/yoosavers.com\/fr\/produit\/bazic-6-3-4-self-seal-security-envelopes-55-pack\/#primaryimage"},"image":{"@id":"https:\/\/yoosavers.com\/fr\/produit\/bazic-6-3-4-self-seal-security-envelopes-55-pack\/#primaryimage"},"thumbnailUrl":"https:\/\/yoosavers.com\/wp-content\/uploads\/2025\/09\/41k9UtwNu7L_e0ce7132-5924-4243-ba9d-afe422f7cdbf.jpg","datePublished":"2023-06-20T02:30:35+00:00","dateModified":"2025-09-22T21:18:19+00:00","breadcrumb":{"@id":"https:\/\/yoosavers.com\/fr\/produit\/bazic-6-3-4-self-seal-security-envelopes-55-pack\/#breadcrumb"},"inLanguage":"fr-FR","potentialAction":[{"@type":"ReadAction","target":["https:\/\/yoosavers.com\/fr\/produit\/bazic-6-3-4-self-seal-security-envelopes-55-pack\/"]}]},{"@type":"ImageObject","inLanguage":"fr-FR","@id":"https:\/\/yoosavers.com\/fr\/produit\/bazic-6-3-4-self-seal-security-envelopes-55-pack\/#primaryimage","url":"https:\/\/yoosavers.com\/wp-content\/uploads\/2025\/09\/41k9UtwNu7L_e0ce7132-5924-4243-ba9d-afe422f7cdbf.jpg","contentUrl":"https:\/\/yoosavers.com\/wp-content\/uploads\/2025\/09\/41k9UtwNu7L_e0ce7132-5924-4243-ba9d-afe422f7cdbf.jpg","width":500,"height":500},{"@type":"BreadcrumbList","@id":"https:\/\/yoosavers.com\/fr\/produit\/bazic-6-3-4-self-seal-security-envelopes-55-pack\/#breadcrumb","itemListElement":[{"@type":"ListItem","position":1,"name":"Home","item":"https:\/\/yoosavers.com\/"},{"@type":"ListItem","position":2,"name":"Shop","item":"http:\/\/yoosavers.com\/shop\/"},{"@type":"ListItem","position":3,"name":"BAZIC #6 3\/4 Self-Seal Security Envelopes (55\/Pack)"}]},{"@type":"WebSite","@id":"https:\/\/yoosavers.com\/#website","url":"https:\/\/yoosavers.com\/","name":"YooSavers","description":"Unlocking Savings, Embracing Abundance","potentialAction":[{"@type":"SearchAction","target":{"@type":"EntryPoint","urlTemplate":"https:\/\/yoosavers.com\/?s={search_term_string}"},"query-input":{"@type":"PropertyValueSpecification","valueRequired":true,"valueName":"search_term_string"}}],"inLanguage":"fr-FR"}]}},"_links":{"self":[{"href":"https:\/\/yoosavers.com\/fr\/wp-json\/wp\/v2\/product\/341","targetHints":{"allow":["GET"]}}],"collection":[{"href":"https:\/\/yoosavers.com\/fr\/wp-json\/wp\/v2\/product"}],"about":[{"href":"https:\/\/yoosavers.com\/fr\/wp-json\/wp\/v2\/types\/product"}],"replies":[{"embeddable":true,"href":"https:\/\/yoosavers.com\/fr\/wp-json\/wp\/v2\/comments?post=341"}],"version-history":[{"count":0,"href":"https:\/\/yoosavers.com\/fr\/wp-json\/wp\/v2\/product\/341\/revisions"}],"wp:featuredmedia":[{"embeddable":true,"href":"https:\/\/yoosavers.com\/fr\/wp-json\/wp\/v2\/media\/342"}],"wp:attachment":[{"href":"https:\/\/yoosavers.com\/fr\/wp-json\/wp\/v2\/media?parent=341"}],"wp:term":[{"taxonomy":"product_brand","embeddable":true,"href":"https:\/\/yoosavers.com\/fr\/wp-json\/wp\/v2\/product_brand?post=341"},{"taxonomy":"product_cat","embeddable":true,"href":"https:\/\/yoosavers.com\/fr\/wp-json\/wp\/v2\/product_cat?post=341"},{"taxonomy":"product_tag","embeddable":true,"href":"https:\/\/yoosavers.com\/fr\/wp-json\/wp\/v2\/product_tag?post=341"}],"curies":[{"name":"wp","href":"https:\/\/api.w.org\/{rel}","templated":true}]}}