{"id":12502,"date":"2025-10-11T03:17:55","date_gmt":"2025-10-11T03:17:55","guid":{"rendered":"https:\/\/yoosavers.com\/?post_type=product&#038;p=12502"},"modified":"2025-10-11T03:17:56","modified_gmt":"2025-10-11T03:17:56","slug":"little-trees-air-fresheners-true-north-scent","status":"publish","type":"product","link":"https:\/\/yoosavers.com\/fr\/produit\/little-trees-air-fresheners-true-north-scent\/","title":{"rendered":"LITTLE TREES Air Fresheners True North Scent"},"content":{"rendered":"<p>As the global symbol of freshness and quality, LITTLE TREES has been making life smell better since 1952. With our wide range of high quality, long-lasting products and fragrances, you\u2019re sure to find one you love. At home or on the road, let LITTLE TREES freshen your life.<\/p>","protected":false},"excerpt":{"rendered":"<p>Inspired by the scenic snow-capped mountains of Canada, True North blends crisp arctic air with frosted pine needles<br \/>\nL'ORIGINAL de la VOITURE PURIFICATEUR d'AIR: PEU d'ARBRES est l'original de la voiture purificateur d'air qui rafra\u00eechit \u00e0 la maison et sur la route.<br \/>\nDe LONGUE DUR\u00c9E PARFUM EXP\u00c9RIENCE Sp\u00e9cialis\u00e9es en technologies propri\u00e9taires combin\u00e9 avec d'exceptionnelles parfums offrir la qualit\u00e9 \u00e0 long terme des r\u00e9sultats.<br \/>\nPLUS QU'UN D\u00c9SODORISANT de VOITURE: un brin de toilette \u00e0 la maison ou sur la route avec la voiture d'origine purificateur d'air. Id\u00e9al pour une utilisation dans les salles de lavage, les garages, les salles de bains, et le pet odeur domaines.<br \/>\nRAFRA\u00ceCHIR VOTRE VIE: PEU d'ARBRES assainisseurs d'air viennent dans une large gamme de produit de styles et de senteurs, le rendant facile de trouver celui que vous aimez!<\/p>","protected":false},"featured_media":12508,"comment_status":"open","ping_status":"closed","template":"","meta":[],"product_brand":[],"product_cat":[118,17],"product_tag":[],"class_list":{"0":"post-12502","1":"product","2":"type-product","3":"status-publish","4":"has-post-thumbnail","6":"product_cat-car-care","7":"product_cat-home-essentials","9":"first","10":"instock","11":"taxable","12":"shipping-taxable","13":"purchasable","14":"product-type-simple"},"yoast_head":"<!-- This site is optimized with the Yoast SEO plugin v27.2 - https:\/\/yoast.com\/product\/yoast-seo-wordpress\/ -->\n<title>LITTLE TREES Air Fresheners True North Scent - YooSavers<\/title>\n<meta name=\"robots\" content=\"index, follow, max-snippet:-1, max-image-preview:large, max-video-preview:-1\" \/>\n<link rel=\"canonical\" href=\"https:\/\/yoosavers.com\/fr\/produit\/little-trees-air-fresheners-true-north-scent\/\" \/>\n<meta property=\"og:locale\" content=\"fr_FR\" \/>\n<meta property=\"og:type\" content=\"article\" \/>\n<meta property=\"og:title\" content=\"LITTLE TREES Air Fresheners True North Scent - YooSavers\" \/>\n<meta property=\"og:description\" content=\"Inspired by the scenic snow-capped mountains of Canada, True North blends crisp arctic air with frosted pine needles THE ORIGINAL CAR AIR FRESHENER: LITTLE TREES is the original car air freshener that freshens at home and on the road. LONG-LASTING FRAGRANCE EXPERIENCE: Specialized proprietary technologies combined with exceptional fragrances deliver long-lasting quality results. MORE THAN JUST A CAR AIR FRESHENER: Freshen up at home or on the road with the original car air freshener. Great to use in laundry rooms, garages, bathrooms, and pet odor areas. FRESHEN YOUR LIFE: LITTLE TREES air fresheners come in a wide range of product styles and fragrances, making it easy to find one you love!\" \/>\n<meta property=\"og:url\" content=\"https:\/\/yoosavers.com\/fr\/produit\/little-trees-air-fresheners-true-north-scent\/\" \/>\n<meta property=\"og:site_name\" content=\"YooSavers\" \/>\n<meta property=\"article:modified_time\" content=\"2025-10-11T03:17:56+00:00\" \/>\n<meta property=\"og:image\" content=\"https:\/\/yoosavers.com\/wp-content\/uploads\/2025\/10\/little-trees-true-north.webp\" \/>\n\t<meta property=\"og:image:width\" content=\"1200\" \/>\n\t<meta property=\"og:image:height\" content=\"1200\" \/>\n\t<meta property=\"og:image:type\" content=\"image\/webp\" \/>\n<meta name=\"twitter:card\" content=\"summary_large_image\" \/>\n<script type=\"application\/ld+json\" class=\"yoast-schema-graph\">{\"@context\":\"https:\/\/schema.org\",\"@graph\":[{\"@type\":\"WebPage\",\"@id\":\"https:\/\/yoosavers.com\/fr\/produit\/little-trees-air-fresheners-true-north-scent\/\",\"url\":\"https:\/\/yoosavers.com\/fr\/produit\/little-trees-air-fresheners-true-north-scent\/\",\"name\":\"LITTLE TREES Air Fresheners True North Scent - YooSavers\",\"isPartOf\":{\"@id\":\"https:\/\/yoosavers.com\/#website\"},\"primaryImageOfPage\":{\"@id\":\"https:\/\/yoosavers.com\/fr\/produit\/little-trees-air-fresheners-true-north-scent\/#primaryimage\"},\"image\":{\"@id\":\"https:\/\/yoosavers.com\/fr\/produit\/little-trees-air-fresheners-true-north-scent\/#primaryimage\"},\"thumbnailUrl\":\"https:\/\/yoosavers.com\/wp-content\/uploads\/2025\/10\/little-trees-true-north.webp\",\"datePublished\":\"2025-10-11T03:17:55+00:00\",\"dateModified\":\"2025-10-11T03:17:56+00:00\",\"breadcrumb\":{\"@id\":\"https:\/\/yoosavers.com\/fr\/produit\/little-trees-air-fresheners-true-north-scent\/#breadcrumb\"},\"inLanguage\":\"fr-FR\",\"potentialAction\":[{\"@type\":\"ReadAction\",\"target\":[\"https:\/\/yoosavers.com\/fr\/produit\/little-trees-air-fresheners-true-north-scent\/\"]}]},{\"@type\":\"ImageObject\",\"inLanguage\":\"fr-FR\",\"@id\":\"https:\/\/yoosavers.com\/fr\/produit\/little-trees-air-fresheners-true-north-scent\/#primaryimage\",\"url\":\"https:\/\/yoosavers.com\/wp-content\/uploads\/2025\/10\/little-trees-true-north.webp\",\"contentUrl\":\"https:\/\/yoosavers.com\/wp-content\/uploads\/2025\/10\/little-trees-true-north.webp\",\"width\":1200,\"height\":1200},{\"@type\":\"BreadcrumbList\",\"@id\":\"https:\/\/yoosavers.com\/fr\/produit\/little-trees-air-fresheners-true-north-scent\/#breadcrumb\",\"itemListElement\":[{\"@type\":\"ListItem\",\"position\":1,\"name\":\"Home\",\"item\":\"https:\/\/yoosavers.com\/\"},{\"@type\":\"ListItem\",\"position\":2,\"name\":\"Shop\",\"item\":\"http:\/\/yoosavers.com\/shop\/\"},{\"@type\":\"ListItem\",\"position\":3,\"name\":\"LITTLE TREES Air Fresheners True North Scent\"}]},{\"@type\":\"WebSite\",\"@id\":\"https:\/\/yoosavers.com\/#website\",\"url\":\"https:\/\/yoosavers.com\/\",\"name\":\"YooSavers\",\"description\":\"Unlocking Savings, Embracing Abundance\",\"potentialAction\":[{\"@type\":\"SearchAction\",\"target\":{\"@type\":\"EntryPoint\",\"urlTemplate\":\"https:\/\/yoosavers.com\/?s={search_term_string}\"},\"query-input\":{\"@type\":\"PropertyValueSpecification\",\"valueRequired\":true,\"valueName\":\"search_term_string\"}}],\"inLanguage\":\"fr-FR\"}]}<\/script>\n<!-- \/ Yoast SEO plugin. -->","yoast_head_json":{"title":"LITTLE TREES Air Fresheners True North Scent - YooSavers","robots":{"index":"index","follow":"follow","max-snippet":"max-snippet:-1","max-image-preview":"max-image-preview:large","max-video-preview":"max-video-preview:-1"},"canonical":"https:\/\/yoosavers.com\/fr\/produit\/little-trees-air-fresheners-true-north-scent\/","og_locale":"fr_FR","og_type":"article","og_title":"LITTLE TREES Air Fresheners True North Scent - YooSavers","og_description":"Inspired by the scenic snow-capped mountains of Canada, True North blends crisp arctic air with frosted pine needles THE ORIGINAL CAR AIR FRESHENER: LITTLE TREES is the original car air freshener that freshens at home and on the road. LONG-LASTING FRAGRANCE EXPERIENCE: Specialized proprietary technologies combined with exceptional fragrances deliver long-lasting quality results. MORE THAN JUST A CAR AIR FRESHENER: Freshen up at home or on the road with the original car air freshener. Great to use in laundry rooms, garages, bathrooms, and pet odor areas. FRESHEN YOUR LIFE: LITTLE TREES air fresheners come in a wide range of product styles and fragrances, making it easy to find one you love!","og_url":"https:\/\/yoosavers.com\/fr\/produit\/little-trees-air-fresheners-true-north-scent\/","og_site_name":"YooSavers","article_modified_time":"2025-10-11T03:17:56+00:00","og_image":[{"width":1200,"height":1200,"url":"https:\/\/yoosavers.com\/wp-content\/uploads\/2025\/10\/little-trees-true-north.webp","type":"image\/webp"}],"twitter_card":"summary_large_image","schema":{"@context":"https:\/\/schema.org","@graph":[{"@type":"WebPage","@id":"https:\/\/yoosavers.com\/fr\/produit\/little-trees-air-fresheners-true-north-scent\/","url":"https:\/\/yoosavers.com\/fr\/produit\/little-trees-air-fresheners-true-north-scent\/","name":"LITTLE TREES Air Fresheners True North Scent - YooSavers","isPartOf":{"@id":"https:\/\/yoosavers.com\/#website"},"primaryImageOfPage":{"@id":"https:\/\/yoosavers.com\/fr\/produit\/little-trees-air-fresheners-true-north-scent\/#primaryimage"},"image":{"@id":"https:\/\/yoosavers.com\/fr\/produit\/little-trees-air-fresheners-true-north-scent\/#primaryimage"},"thumbnailUrl":"https:\/\/yoosavers.com\/wp-content\/uploads\/2025\/10\/little-trees-true-north.webp","datePublished":"2025-10-11T03:17:55+00:00","dateModified":"2025-10-11T03:17:56+00:00","breadcrumb":{"@id":"https:\/\/yoosavers.com\/fr\/produit\/little-trees-air-fresheners-true-north-scent\/#breadcrumb"},"inLanguage":"fr-FR","potentialAction":[{"@type":"ReadAction","target":["https:\/\/yoosavers.com\/fr\/produit\/little-trees-air-fresheners-true-north-scent\/"]}]},{"@type":"ImageObject","inLanguage":"fr-FR","@id":"https:\/\/yoosavers.com\/fr\/produit\/little-trees-air-fresheners-true-north-scent\/#primaryimage","url":"https:\/\/yoosavers.com\/wp-content\/uploads\/2025\/10\/little-trees-true-north.webp","contentUrl":"https:\/\/yoosavers.com\/wp-content\/uploads\/2025\/10\/little-trees-true-north.webp","width":1200,"height":1200},{"@type":"BreadcrumbList","@id":"https:\/\/yoosavers.com\/fr\/produit\/little-trees-air-fresheners-true-north-scent\/#breadcrumb","itemListElement":[{"@type":"ListItem","position":1,"name":"Home","item":"https:\/\/yoosavers.com\/"},{"@type":"ListItem","position":2,"name":"Shop","item":"http:\/\/yoosavers.com\/shop\/"},{"@type":"ListItem","position":3,"name":"LITTLE TREES Air Fresheners True North Scent"}]},{"@type":"WebSite","@id":"https:\/\/yoosavers.com\/#website","url":"https:\/\/yoosavers.com\/","name":"YooSavers","description":"Unlocking Savings, Embracing Abundance","potentialAction":[{"@type":"SearchAction","target":{"@type":"EntryPoint","urlTemplate":"https:\/\/yoosavers.com\/?s={search_term_string}"},"query-input":{"@type":"PropertyValueSpecification","valueRequired":true,"valueName":"search_term_string"}}],"inLanguage":"fr-FR"}]}},"_links":{"self":[{"href":"https:\/\/yoosavers.com\/fr\/wp-json\/wp\/v2\/product\/12502","targetHints":{"allow":["GET"]}}],"collection":[{"href":"https:\/\/yoosavers.com\/fr\/wp-json\/wp\/v2\/product"}],"about":[{"href":"https:\/\/yoosavers.com\/fr\/wp-json\/wp\/v2\/types\/product"}],"replies":[{"embeddable":true,"href":"https:\/\/yoosavers.com\/fr\/wp-json\/wp\/v2\/comments?post=12502"}],"version-history":[{"count":1,"href":"https:\/\/yoosavers.com\/fr\/wp-json\/wp\/v2\/product\/12502\/revisions"}],"predecessor-version":[{"id":12514,"href":"https:\/\/yoosavers.com\/fr\/wp-json\/wp\/v2\/product\/12502\/revisions\/12514"}],"wp:featuredmedia":[{"embeddable":true,"href":"https:\/\/yoosavers.com\/fr\/wp-json\/wp\/v2\/media\/12508"}],"wp:attachment":[{"href":"https:\/\/yoosavers.com\/fr\/wp-json\/wp\/v2\/media?parent=12502"}],"wp:term":[{"taxonomy":"product_brand","embeddable":true,"href":"https:\/\/yoosavers.com\/fr\/wp-json\/wp\/v2\/product_brand?post=12502"},{"taxonomy":"product_cat","embeddable":true,"href":"https:\/\/yoosavers.com\/fr\/wp-json\/wp\/v2\/product_cat?post=12502"},{"taxonomy":"product_tag","embeddable":true,"href":"https:\/\/yoosavers.com\/fr\/wp-json\/wp\/v2\/product_tag?post=12502"}],"curies":[{"name":"wp","href":"https:\/\/api.w.org\/{rel}","templated":true}]}}