{"id":10658,"date":"2025-09-22T02:46:21","date_gmt":"2025-09-22T02:46:21","guid":{"rendered":"https:\/\/yoosavers.com\/?post_type=product&#038;p=10658"},"modified":"2025-09-22T21:31:01","modified_gmt":"2025-09-22T21:31:01","slug":"little-trees-air-fresheners-cherry-blossom-honey-scent","status":"publish","type":"product","link":"https:\/\/yoosavers.com\/fr\/produit\/little-trees-air-fresheners-cherry-blossom-honey-scent\/","title":{"rendered":"PEU d'ARBRES, des Purificateurs d'Air Fleur de Cerisier Odeur du Miel"},"content":{"rendered":"<p>As the global symbol of freshness and quality, LITTLE TREES has been making life smell better since 1952. With our wide range of high quality, long-lasting products and fragrances, you\u2019re sure to find one you love. At home or on the road, let LITTLE TREES freshen your life.<\/p>","protected":false},"excerpt":{"rendered":"<div id=\"featurebullets_feature_div\" class=\"celwidget\" data-feature-name=\"featurebullets\" data-csa-c-type=\"widget\" data-csa-c-content-id=\"featurebullets\" data-csa-c-slot-id=\"featurebullets_feature_div\" data-csa-c-asin=\"B01LTCR0CS\" data-csa-c-is-in-initial-active-row=\"false\" data-cel-widget=\"featurebullets_feature_div\" data-csa-c-id=\"7irg6p-ffis9z-emp32n-bz0hn3\">\n<div id=\"feature-bullets\" class=\"a-section a-spacing-medium a-spacing-top-small\">\n<ul class=\"a-unordered-list a-vertical a-spacing-mini\">\n<li class=\"a-spacing-mini\"><span class=\"a-list-item\">Exprimer votre ludique doux avec cette lumi\u00e8re, fruit\u00e9-floral m\u00e9lange de fleurs de Cerisier et soyeux au miel.<\/span><\/li>\n<li class=\"a-spacing-mini\"><span class=\"a-list-item\">L'ORIGINAL de la VOITURE PURIFICATEUR d'AIR: PEU d'ARBRES est l'original de la voiture purificateur d'air qui rafra\u00eechit \u00e0 la maison et sur la route.<\/span><\/li>\n<li class=\"a-spacing-mini\"><span class=\"a-list-item\">De LONGUE DUR\u00c9E PARFUM EXP\u00c9RIENCE Sp\u00e9cialis\u00e9es en technologies propri\u00e9taires combin\u00e9 avec d'exceptionnelles parfums offrir la qualit\u00e9 \u00e0 long terme des r\u00e9sultats.<\/span><\/li>\n<li class=\"a-spacing-mini\"><span class=\"a-list-item\">PLUS QU'UN D\u00c9SODORISANT de VOITURE: un brin de toilette \u00e0 la maison ou sur la route avec la voiture d'origine purificateur d'air. Id\u00e9al pour une utilisation dans les salles de lavage, les garages, les salles de bains, et le pet odeur domaines.<\/span><\/li>\n<li class=\"a-spacing-mini\"><span class=\"a-list-item\">RAFRA\u00ceCHIR VOTRE VIE: PEU d'ARBRES assainisseurs d'air viennent dans une large gamme de produit de styles et de senteurs, le rendant facile de trouver celui que vous aimez!<\/span><\/li>\n<li class=\"a-spacing-mini\"><span class=\"a-list-item\">FABRIQU\u00c9 AUX etats-unis: des tests Rigoureux standards de qualit\u00e9 \u00e9lev\u00e9s et assure une prime de parfum exp\u00e9rience faite \u00e0 partir des meilleurs ingr\u00e9dients.<\/span><\/li>\n<li class=\"a-spacing-mini\"><span class=\"a-list-item\">VOITURE-FRESHNER SOCI\u00c9T\u00c9 s'efforce de cr\u00e9er et de la meilleure voiture de les assainisseurs d'air pour les consommateurs et l'environnement. Tous les parfums de respecter ou de d\u00e9passer l'International Fragrance lignes directrices de l'Association ainsi que nos normes internes normes de s\u00e9curit\u00e9.<\/span><\/li>\n<\/ul>\n<\/div>\n<\/div>\n<div id=\"tellAmazon_feature_div\" class=\"celwidget\" data-feature-name=\"tellAmazon\" data-csa-c-type=\"widget\" data-csa-c-content-id=\"tellAmazon\" data-csa-c-slot-id=\"tellAmazon_feature_div\" data-csa-c-asin=\"B01LTCR0CS\" data-csa-c-is-in-initial-active-row=\"false\" data-cel-widget=\"tellAmazon_feature_div\" data-csa-c-id=\"j8y4ke-op6x3-gk4vly-xu3gqp\">\n<div class=\"celwidget c-f\" data-csa-op-log-render=\"\" data-csa-c-content-id=\"DsUnknown\" data-csa-c-slot-id=\"DsUnknown-18\" data-csa-c-type=\"widget\" data-csa-c-painter=\"tell-amazon-desktop-cards\" data-csa-c-id=\"c19u9i-rlcdqt-fi4t8f-z4wrl7\" data-cel-widget=\"tell-amazon-desktop_DetailPage_17\">\n<div id=\"CardInstanceT_8J-kn9yAOSxgQbTxhs0Q\" data-card-metrics-id=\"tell-amazon-desktop_DetailPage_17\" data-acp-tracking=\"{}\" data-mix-claimed=\"true\">\n<div class=\"_tell-amazon-desktop_style_tell_amazon_div__1YDZk\" data-asin=\"B0F9QRC6CZ\" data-customer-id=\"A36DN6OM8DIZBY\" data-marketplace=\"ATVPDKIKX0DER\" data-session-id=\"134-4076334-0516647\" data-logged-in=\"true\"><\/div>\n<\/div>\n<\/div>\n<\/div>","protected":false},"featured_media":10659,"comment_status":"open","ping_status":"closed","template":"","meta":[],"product_brand":[],"product_cat":[118,17],"product_tag":[],"class_list":{"0":"post-10658","1":"product","2":"type-product","3":"status-publish","4":"has-post-thumbnail","6":"product_cat-car-care","7":"product_cat-home-essentials","9":"first","10":"instock","11":"taxable","12":"shipping-taxable","13":"purchasable","14":"product-type-simple"},"yoast_head":"<!-- This site is optimized with the Yoast SEO plugin v27.2 - https:\/\/yoast.com\/product\/yoast-seo-wordpress\/ -->\n<title>LITTLE TREES Air Fresheners Cherry Blossom Honey Scent - YooSavers<\/title>\n<meta name=\"robots\" content=\"index, follow, max-snippet:-1, max-image-preview:large, max-video-preview:-1\" \/>\n<link rel=\"canonical\" href=\"https:\/\/yoosavers.com\/fr\/produit\/little-trees-air-fresheners-cherry-blossom-honey-scent\/\" \/>\n<meta property=\"og:locale\" content=\"fr_FR\" \/>\n<meta property=\"og:type\" content=\"article\" \/>\n<meta property=\"og:title\" content=\"LITTLE TREES Air Fresheners Cherry Blossom Honey Scent - YooSavers\" \/>\n<meta property=\"og:description\" content=\"Express your playfully sweet side with this light, fruity-floral blend of Cherry blossoms and silky smooth honey.  THE ORIGINAL CAR AIR FRESHENER: LITTLE TREES is the original car air freshener that freshens at home and on the road.  LONG-LASTING FRAGRANCE EXPERIENCE: Specialized proprietary technologies combined with exceptional fragrances deliver long-lasting quality results.  MORE THAN JUST A CAR AIR FRESHENER: Freshen up at home or on the road with the original car air freshener. Great to use in laundry rooms, garages, bathrooms, and pet odor areas.  FRESHEN YOUR LIFE: LITTLE TREES air fresheners come in a wide range of product styles and fragrances, making it easy to find one you love!  MADE IN THE USA: Rigorous testing and high quality standards ensures a premium fragrance experience made from only the best ingredients.  CAR-FRESHNER CORPORATION strives to create and the best car air fresheners for both consumers and the environment. All fragrances meet or exceed the International Fragrance Association guidelines as well as our stringent internal safety standards.\" \/>\n<meta property=\"og:url\" content=\"https:\/\/yoosavers.com\/fr\/produit\/little-trees-air-fresheners-cherry-blossom-honey-scent\/\" \/>\n<meta property=\"og:site_name\" content=\"YooSavers\" \/>\n<meta property=\"article:modified_time\" content=\"2025-09-22T21:31:01+00:00\" \/>\n<meta property=\"og:image\" content=\"https:\/\/yoosavers.com\/wp-content\/uploads\/2025\/09\/little-tree-cherry-blossom-honey.jpg\" \/>\n\t<meta property=\"og:image:width\" content=\"500\" \/>\n\t<meta property=\"og:image:height\" content=\"500\" \/>\n\t<meta property=\"og:image:type\" content=\"image\/jpeg\" \/>\n<meta name=\"twitter:card\" content=\"summary_large_image\" \/>\n<script type=\"application\/ld+json\" class=\"yoast-schema-graph\">{\"@context\":\"https:\/\/schema.org\",\"@graph\":[{\"@type\":\"WebPage\",\"@id\":\"https:\/\/yoosavers.com\/fr\/produit\/little-trees-air-fresheners-cherry-blossom-honey-scent\/\",\"url\":\"https:\/\/yoosavers.com\/fr\/produit\/little-trees-air-fresheners-cherry-blossom-honey-scent\/\",\"name\":\"LITTLE TREES Air Fresheners Cherry Blossom Honey Scent - YooSavers\",\"isPartOf\":{\"@id\":\"https:\/\/yoosavers.com\/#website\"},\"primaryImageOfPage\":{\"@id\":\"https:\/\/yoosavers.com\/fr\/produit\/little-trees-air-fresheners-cherry-blossom-honey-scent\/#primaryimage\"},\"image\":{\"@id\":\"https:\/\/yoosavers.com\/fr\/produit\/little-trees-air-fresheners-cherry-blossom-honey-scent\/#primaryimage\"},\"thumbnailUrl\":\"https:\/\/yoosavers.com\/wp-content\/uploads\/2025\/09\/little-tree-cherry-blossom-honey.jpg\",\"datePublished\":\"2025-09-22T02:46:21+00:00\",\"dateModified\":\"2025-09-22T21:31:01+00:00\",\"breadcrumb\":{\"@id\":\"https:\/\/yoosavers.com\/fr\/produit\/little-trees-air-fresheners-cherry-blossom-honey-scent\/#breadcrumb\"},\"inLanguage\":\"fr-FR\",\"potentialAction\":[{\"@type\":\"ReadAction\",\"target\":[\"https:\/\/yoosavers.com\/fr\/produit\/little-trees-air-fresheners-cherry-blossom-honey-scent\/\"]}]},{\"@type\":\"ImageObject\",\"inLanguage\":\"fr-FR\",\"@id\":\"https:\/\/yoosavers.com\/fr\/produit\/little-trees-air-fresheners-cherry-blossom-honey-scent\/#primaryimage\",\"url\":\"https:\/\/yoosavers.com\/wp-content\/uploads\/2025\/09\/little-tree-cherry-blossom-honey.jpg\",\"contentUrl\":\"https:\/\/yoosavers.com\/wp-content\/uploads\/2025\/09\/little-tree-cherry-blossom-honey.jpg\",\"width\":500,\"height\":500},{\"@type\":\"BreadcrumbList\",\"@id\":\"https:\/\/yoosavers.com\/fr\/produit\/little-trees-air-fresheners-cherry-blossom-honey-scent\/#breadcrumb\",\"itemListElement\":[{\"@type\":\"ListItem\",\"position\":1,\"name\":\"Home\",\"item\":\"https:\/\/yoosavers.com\/\"},{\"@type\":\"ListItem\",\"position\":2,\"name\":\"Shop\",\"item\":\"http:\/\/yoosavers.com\/shop\/\"},{\"@type\":\"ListItem\",\"position\":3,\"name\":\"LITTLE TREES Air Fresheners Cherry Blossom Honey Scent\"}]},{\"@type\":\"WebSite\",\"@id\":\"https:\/\/yoosavers.com\/#website\",\"url\":\"https:\/\/yoosavers.com\/\",\"name\":\"YooSavers\",\"description\":\"Unlocking Savings, Embracing Abundance\",\"potentialAction\":[{\"@type\":\"SearchAction\",\"target\":{\"@type\":\"EntryPoint\",\"urlTemplate\":\"https:\/\/yoosavers.com\/?s={search_term_string}\"},\"query-input\":{\"@type\":\"PropertyValueSpecification\",\"valueRequired\":true,\"valueName\":\"search_term_string\"}}],\"inLanguage\":\"fr-FR\"}]}<\/script>\n<!-- \/ Yoast SEO plugin. -->","yoast_head_json":{"title":"LITTLE TREES Air Fresheners Cherry Blossom Honey Scent - YooSavers","robots":{"index":"index","follow":"follow","max-snippet":"max-snippet:-1","max-image-preview":"max-image-preview:large","max-video-preview":"max-video-preview:-1"},"canonical":"https:\/\/yoosavers.com\/fr\/produit\/little-trees-air-fresheners-cherry-blossom-honey-scent\/","og_locale":"fr_FR","og_type":"article","og_title":"LITTLE TREES Air Fresheners Cherry Blossom Honey Scent - YooSavers","og_description":"Express your playfully sweet side with this light, fruity-floral blend of Cherry blossoms and silky smooth honey.  THE ORIGINAL CAR AIR FRESHENER: LITTLE TREES is the original car air freshener that freshens at home and on the road.  LONG-LASTING FRAGRANCE EXPERIENCE: Specialized proprietary technologies combined with exceptional fragrances deliver long-lasting quality results.  MORE THAN JUST A CAR AIR FRESHENER: Freshen up at home or on the road with the original car air freshener. Great to use in laundry rooms, garages, bathrooms, and pet odor areas.  FRESHEN YOUR LIFE: LITTLE TREES air fresheners come in a wide range of product styles and fragrances, making it easy to find one you love!  MADE IN THE USA: Rigorous testing and high quality standards ensures a premium fragrance experience made from only the best ingredients.  CAR-FRESHNER CORPORATION strives to create and the best car air fresheners for both consumers and the environment. All fragrances meet or exceed the International Fragrance Association guidelines as well as our stringent internal safety standards.","og_url":"https:\/\/yoosavers.com\/fr\/produit\/little-trees-air-fresheners-cherry-blossom-honey-scent\/","og_site_name":"YooSavers","article_modified_time":"2025-09-22T21:31:01+00:00","og_image":[{"width":500,"height":500,"url":"https:\/\/yoosavers.com\/wp-content\/uploads\/2025\/09\/little-tree-cherry-blossom-honey.jpg","type":"image\/jpeg"}],"twitter_card":"summary_large_image","schema":{"@context":"https:\/\/schema.org","@graph":[{"@type":"WebPage","@id":"https:\/\/yoosavers.com\/fr\/produit\/little-trees-air-fresheners-cherry-blossom-honey-scent\/","url":"https:\/\/yoosavers.com\/fr\/produit\/little-trees-air-fresheners-cherry-blossom-honey-scent\/","name":"LITTLE TREES Air Fresheners Cherry Blossom Honey Scent - YooSavers","isPartOf":{"@id":"https:\/\/yoosavers.com\/#website"},"primaryImageOfPage":{"@id":"https:\/\/yoosavers.com\/fr\/produit\/little-trees-air-fresheners-cherry-blossom-honey-scent\/#primaryimage"},"image":{"@id":"https:\/\/yoosavers.com\/fr\/produit\/little-trees-air-fresheners-cherry-blossom-honey-scent\/#primaryimage"},"thumbnailUrl":"https:\/\/yoosavers.com\/wp-content\/uploads\/2025\/09\/little-tree-cherry-blossom-honey.jpg","datePublished":"2025-09-22T02:46:21+00:00","dateModified":"2025-09-22T21:31:01+00:00","breadcrumb":{"@id":"https:\/\/yoosavers.com\/fr\/produit\/little-trees-air-fresheners-cherry-blossom-honey-scent\/#breadcrumb"},"inLanguage":"fr-FR","potentialAction":[{"@type":"ReadAction","target":["https:\/\/yoosavers.com\/fr\/produit\/little-trees-air-fresheners-cherry-blossom-honey-scent\/"]}]},{"@type":"ImageObject","inLanguage":"fr-FR","@id":"https:\/\/yoosavers.com\/fr\/produit\/little-trees-air-fresheners-cherry-blossom-honey-scent\/#primaryimage","url":"https:\/\/yoosavers.com\/wp-content\/uploads\/2025\/09\/little-tree-cherry-blossom-honey.jpg","contentUrl":"https:\/\/yoosavers.com\/wp-content\/uploads\/2025\/09\/little-tree-cherry-blossom-honey.jpg","width":500,"height":500},{"@type":"BreadcrumbList","@id":"https:\/\/yoosavers.com\/fr\/produit\/little-trees-air-fresheners-cherry-blossom-honey-scent\/#breadcrumb","itemListElement":[{"@type":"ListItem","position":1,"name":"Home","item":"https:\/\/yoosavers.com\/"},{"@type":"ListItem","position":2,"name":"Shop","item":"http:\/\/yoosavers.com\/shop\/"},{"@type":"ListItem","position":3,"name":"LITTLE TREES Air Fresheners Cherry Blossom Honey Scent"}]},{"@type":"WebSite","@id":"https:\/\/yoosavers.com\/#website","url":"https:\/\/yoosavers.com\/","name":"YooSavers","description":"Unlocking Savings, Embracing Abundance","potentialAction":[{"@type":"SearchAction","target":{"@type":"EntryPoint","urlTemplate":"https:\/\/yoosavers.com\/?s={search_term_string}"},"query-input":{"@type":"PropertyValueSpecification","valueRequired":true,"valueName":"search_term_string"}}],"inLanguage":"fr-FR"}]}},"_links":{"self":[{"href":"https:\/\/yoosavers.com\/fr\/wp-json\/wp\/v2\/product\/10658","targetHints":{"allow":["GET"]}}],"collection":[{"href":"https:\/\/yoosavers.com\/fr\/wp-json\/wp\/v2\/product"}],"about":[{"href":"https:\/\/yoosavers.com\/fr\/wp-json\/wp\/v2\/types\/product"}],"replies":[{"embeddable":true,"href":"https:\/\/yoosavers.com\/fr\/wp-json\/wp\/v2\/comments?post=10658"}],"version-history":[{"count":0,"href":"https:\/\/yoosavers.com\/fr\/wp-json\/wp\/v2\/product\/10658\/revisions"}],"wp:featuredmedia":[{"embeddable":true,"href":"https:\/\/yoosavers.com\/fr\/wp-json\/wp\/v2\/media\/10659"}],"wp:attachment":[{"href":"https:\/\/yoosavers.com\/fr\/wp-json\/wp\/v2\/media?parent=10658"}],"wp:term":[{"taxonomy":"product_brand","embeddable":true,"href":"https:\/\/yoosavers.com\/fr\/wp-json\/wp\/v2\/product_brand?post=10658"},{"taxonomy":"product_cat","embeddable":true,"href":"https:\/\/yoosavers.com\/fr\/wp-json\/wp\/v2\/product_cat?post=10658"},{"taxonomy":"product_tag","embeddable":true,"href":"https:\/\/yoosavers.com\/fr\/wp-json\/wp\/v2\/product_tag?post=10658"}],"curies":[{"name":"wp","href":"https:\/\/api.w.org\/{rel}","templated":true}]}}