{"id":10635,"date":"2025-09-19T03:06:37","date_gmt":"2025-09-19T03:06:37","guid":{"rendered":"https:\/\/yoosavers.com\/?post_type=product&#038;p=10635"},"modified":"2025-10-26T03:28:17","modified_gmt":"2025-10-26T03:28:17","slug":"little-trees-air-fresheners-bayside-breeze-scent","status":"publish","type":"product","link":"https:\/\/yoosavers.com\/fr\/produit\/little-trees-air-fresheners-bayside-breeze-scent\/","title":{"rendered":"LITTLE TREES Air Fresheners Bayside Breeze Scent"},"content":{"rendered":"<p>As the global symbol of freshness and quality, LITTLE TREES has been making life smell better since 1952. With our wide range of high quality, long-lasting products and fragrances, you\u2019re sure to find one you love. At home or on the road, let LITTLE TREES freshen your life.<\/p>","protected":false},"excerpt":{"rendered":"<ul class=\"a-unordered-list a-vertical a-spacing-mini\">\n<li class=\"a-spacing-mini\"><span class=\"a-list-item\">Gentle coastal breezes and a blend of crisp apple and summer melon.<\/span><\/li>\n<li class=\"a-spacing-mini\"><span class=\"a-list-item\">L'ORIGINAL de la VOITURE PURIFICATEUR d'AIR: PEU d'ARBRES est l'original de la voiture purificateur d'air qui rafra\u00eechit \u00e0 la maison et sur la route.<\/span><\/li>\n<li class=\"a-spacing-mini\"><span class=\"a-list-item\">De LONGUE DUR\u00c9E PARFUM EXP\u00c9RIENCE Sp\u00e9cialis\u00e9es en technologies propri\u00e9taires combin\u00e9 avec d'exceptionnelles parfums offrir la qualit\u00e9 \u00e0 long terme des r\u00e9sultats.<\/span><\/li>\n<li class=\"a-spacing-mini\"><span class=\"a-list-item\">PLUS QU'UN D\u00c9SODORISANT de VOITURE: un brin de toilette \u00e0 la maison ou sur la route avec la voiture d'origine purificateur d'air. Id\u00e9al pour une utilisation dans les salles de lavage, les garages, les salles de bains, et le pet odeur domaines.<\/span><\/li>\n<li class=\"a-spacing-mini\"><span class=\"a-list-item\">RAFRA\u00ceCHIR VOTRE VIE: PEU d'ARBRES assainisseurs d'air viennent dans une large gamme de produit de styles et de senteurs, le rendant facile de trouver celui que vous aimez!<\/span><\/li>\n<li class=\"a-spacing-mini\"><span class=\"a-list-item\">FABRIQU\u00c9 AUX etats-unis: des tests Rigoureux standards de qualit\u00e9 \u00e9lev\u00e9s et assure une prime de parfum exp\u00e9rience faite \u00e0 partir des meilleurs ingr\u00e9dients.<\/span><\/li>\n<li class=\"a-spacing-mini\"><span class=\"a-list-item\">VOITURE-FRESHNER SOCI\u00c9T\u00c9 s'efforce de cr\u00e9er et de la meilleure voiture de les assainisseurs d'air pour les consommateurs et l'environnement. Tous les parfums de respecter ou de d\u00e9passer l'International Fragrance lignes directrices de l'Association ainsi que nos normes internes normes de s\u00e9curit\u00e9.<\/span><\/li>\n<\/ul>","protected":false},"featured_media":10636,"comment_status":"open","ping_status":"closed","template":"","meta":[],"product_brand":[],"product_cat":[118,17],"product_tag":[],"class_list":{"0":"post-10635","1":"product","2":"type-product","3":"status-publish","4":"has-post-thumbnail","6":"product_cat-car-care","7":"product_cat-home-essentials","9":"first","10":"instock","11":"featured","12":"taxable","13":"shipping-taxable","14":"purchasable","15":"product-type-simple"},"yoast_head":"<!-- This site is optimized with the Yoast SEO plugin v27.2 - https:\/\/yoast.com\/product\/yoast-seo-wordpress\/ -->\n<title>LITTLE TREES Air Fresheners Bayside Breeze Scent - YooSavers<\/title>\n<meta name=\"robots\" content=\"index, follow, max-snippet:-1, max-image-preview:large, max-video-preview:-1\" \/>\n<link rel=\"canonical\" href=\"https:\/\/www.yoosavers.com\/fr\/produit\/little-trees-air-fresheners-bayside-breeze-scent\/\" \/>\n<meta property=\"og:locale\" content=\"fr_FR\" \/>\n<meta property=\"og:type\" content=\"article\" \/>\n<meta property=\"og:title\" content=\"LITTLE TREES Air Fresheners Bayside Breeze Scent - YooSavers\" \/>\n<meta property=\"og:description\" content=\"Gentle coastal breezes and a blend of crisp apple and summer melon.  THE ORIGINAL CAR AIR FRESHENER: LITTLE TREES is the original car air freshener that freshens at home and on the road.  LONG-LASTING FRAGRANCE EXPERIENCE: Specialized proprietary technologies combined with exceptional fragrances deliver long-lasting quality results.  MORE THAN JUST A CAR AIR FRESHENER: Freshen up at home or on the road with the original car air freshener. Great to use in laundry rooms, garages, bathrooms, and pet odor areas.  FRESHEN YOUR LIFE: LITTLE TREES air fresheners come in a wide range of product styles and fragrances, making it easy to find one you love!  MADE IN THE USA: Rigorous testing and high quality standards ensures a premium fragrance experience made from only the best ingredients.  CAR-FRESHNER CORPORATION strives to create and the best car air fresheners for both consumers and the environment. All fragrances meet or exceed the International Fragrance Association guidelines as well as our stringent internal safety standards.\" \/>\n<meta property=\"og:url\" content=\"https:\/\/www.yoosavers.com\/fr\/produit\/little-trees-air-fresheners-bayside-breeze-scent\/\" \/>\n<meta property=\"og:site_name\" content=\"YooSavers\" \/>\n<meta property=\"article:modified_time\" content=\"2025-10-26T03:28:17+00:00\" \/>\n<meta property=\"og:image\" content=\"https:\/\/www.yoosavers.com\/wp-content\/uploads\/2025\/09\/LITTLE-TREE-bayside-breeze.webp\" \/>\n\t<meta property=\"og:image:width\" content=\"800\" \/>\n\t<meta property=\"og:image:height\" content=\"800\" \/>\n\t<meta property=\"og:image:type\" content=\"image\/webp\" \/>\n<meta name=\"twitter:card\" content=\"summary_large_image\" \/>\n<script type=\"application\/ld+json\" class=\"yoast-schema-graph\">{\"@context\":\"https:\/\/schema.org\",\"@graph\":[{\"@type\":\"WebPage\",\"@id\":\"https:\/\/www.yoosavers.com\/fr\/produit\/little-trees-air-fresheners-bayside-breeze-scent\/\",\"url\":\"https:\/\/www.yoosavers.com\/fr\/produit\/little-trees-air-fresheners-bayside-breeze-scent\/\",\"name\":\"LITTLE TREES Air Fresheners Bayside Breeze Scent - YooSavers\",\"isPartOf\":{\"@id\":\"https:\/\/yoosavers.com\/#website\"},\"primaryImageOfPage\":{\"@id\":\"https:\/\/www.yoosavers.com\/fr\/produit\/little-trees-air-fresheners-bayside-breeze-scent\/#primaryimage\"},\"image\":{\"@id\":\"https:\/\/www.yoosavers.com\/fr\/produit\/little-trees-air-fresheners-bayside-breeze-scent\/#primaryimage\"},\"thumbnailUrl\":\"https:\/\/yoosavers.com\/wp-content\/uploads\/2025\/09\/LITTLE-TREE-bayside-breeze.webp\",\"datePublished\":\"2025-09-19T03:06:37+00:00\",\"dateModified\":\"2025-10-26T03:28:17+00:00\",\"breadcrumb\":{\"@id\":\"https:\/\/www.yoosavers.com\/fr\/produit\/little-trees-air-fresheners-bayside-breeze-scent\/#breadcrumb\"},\"inLanguage\":\"fr-FR\",\"potentialAction\":[{\"@type\":\"ReadAction\",\"target\":[\"https:\/\/www.yoosavers.com\/fr\/produit\/little-trees-air-fresheners-bayside-breeze-scent\/\"]}]},{\"@type\":\"ImageObject\",\"inLanguage\":\"fr-FR\",\"@id\":\"https:\/\/www.yoosavers.com\/fr\/produit\/little-trees-air-fresheners-bayside-breeze-scent\/#primaryimage\",\"url\":\"https:\/\/yoosavers.com\/wp-content\/uploads\/2025\/09\/LITTLE-TREE-bayside-breeze.webp\",\"contentUrl\":\"https:\/\/yoosavers.com\/wp-content\/uploads\/2025\/09\/LITTLE-TREE-bayside-breeze.webp\",\"width\":800,\"height\":800},{\"@type\":\"BreadcrumbList\",\"@id\":\"https:\/\/www.yoosavers.com\/fr\/produit\/little-trees-air-fresheners-bayside-breeze-scent\/#breadcrumb\",\"itemListElement\":[{\"@type\":\"ListItem\",\"position\":1,\"name\":\"Home\",\"item\":\"https:\/\/yoosavers.com\/\"},{\"@type\":\"ListItem\",\"position\":2,\"name\":\"Shop\",\"item\":\"http:\/\/yoosavers.com\/shop\/\"},{\"@type\":\"ListItem\",\"position\":3,\"name\":\"LITTLE TREES Air Fresheners Bayside Breeze Scent\"}]},{\"@type\":\"WebSite\",\"@id\":\"https:\/\/yoosavers.com\/#website\",\"url\":\"https:\/\/yoosavers.com\/\",\"name\":\"YooSavers\",\"description\":\"Unlocking Savings, Embracing Abundance\",\"potentialAction\":[{\"@type\":\"SearchAction\",\"target\":{\"@type\":\"EntryPoint\",\"urlTemplate\":\"https:\/\/yoosavers.com\/?s={search_term_string}\"},\"query-input\":{\"@type\":\"PropertyValueSpecification\",\"valueRequired\":true,\"valueName\":\"search_term_string\"}}],\"inLanguage\":\"fr-FR\"}]}<\/script>\n<!-- \/ Yoast SEO plugin. -->","yoast_head_json":{"title":"LITTLE TREES Air Fresheners Bayside Breeze Scent - YooSavers","robots":{"index":"index","follow":"follow","max-snippet":"max-snippet:-1","max-image-preview":"max-image-preview:large","max-video-preview":"max-video-preview:-1"},"canonical":"https:\/\/www.yoosavers.com\/fr\/produit\/little-trees-air-fresheners-bayside-breeze-scent\/","og_locale":"fr_FR","og_type":"article","og_title":"LITTLE TREES Air Fresheners Bayside Breeze Scent - YooSavers","og_description":"Gentle coastal breezes and a blend of crisp apple and summer melon.  THE ORIGINAL CAR AIR FRESHENER: LITTLE TREES is the original car air freshener that freshens at home and on the road.  LONG-LASTING FRAGRANCE EXPERIENCE: Specialized proprietary technologies combined with exceptional fragrances deliver long-lasting quality results.  MORE THAN JUST A CAR AIR FRESHENER: Freshen up at home or on the road with the original car air freshener. Great to use in laundry rooms, garages, bathrooms, and pet odor areas.  FRESHEN YOUR LIFE: LITTLE TREES air fresheners come in a wide range of product styles and fragrances, making it easy to find one you love!  MADE IN THE USA: Rigorous testing and high quality standards ensures a premium fragrance experience made from only the best ingredients.  CAR-FRESHNER CORPORATION strives to create and the best car air fresheners for both consumers and the environment. All fragrances meet or exceed the International Fragrance Association guidelines as well as our stringent internal safety standards.","og_url":"https:\/\/www.yoosavers.com\/fr\/produit\/little-trees-air-fresheners-bayside-breeze-scent\/","og_site_name":"YooSavers","article_modified_time":"2025-10-26T03:28:17+00:00","og_image":[{"width":800,"height":800,"url":"https:\/\/www.yoosavers.com\/wp-content\/uploads\/2025\/09\/LITTLE-TREE-bayside-breeze.webp","type":"image\/webp"}],"twitter_card":"summary_large_image","schema":{"@context":"https:\/\/schema.org","@graph":[{"@type":"WebPage","@id":"https:\/\/www.yoosavers.com\/fr\/produit\/little-trees-air-fresheners-bayside-breeze-scent\/","url":"https:\/\/www.yoosavers.com\/fr\/produit\/little-trees-air-fresheners-bayside-breeze-scent\/","name":"LITTLE TREES Air Fresheners Bayside Breeze Scent - YooSavers","isPartOf":{"@id":"https:\/\/yoosavers.com\/#website"},"primaryImageOfPage":{"@id":"https:\/\/www.yoosavers.com\/fr\/produit\/little-trees-air-fresheners-bayside-breeze-scent\/#primaryimage"},"image":{"@id":"https:\/\/www.yoosavers.com\/fr\/produit\/little-trees-air-fresheners-bayside-breeze-scent\/#primaryimage"},"thumbnailUrl":"https:\/\/yoosavers.com\/wp-content\/uploads\/2025\/09\/LITTLE-TREE-bayside-breeze.webp","datePublished":"2025-09-19T03:06:37+00:00","dateModified":"2025-10-26T03:28:17+00:00","breadcrumb":{"@id":"https:\/\/www.yoosavers.com\/fr\/produit\/little-trees-air-fresheners-bayside-breeze-scent\/#breadcrumb"},"inLanguage":"fr-FR","potentialAction":[{"@type":"ReadAction","target":["https:\/\/www.yoosavers.com\/fr\/produit\/little-trees-air-fresheners-bayside-breeze-scent\/"]}]},{"@type":"ImageObject","inLanguage":"fr-FR","@id":"https:\/\/www.yoosavers.com\/fr\/produit\/little-trees-air-fresheners-bayside-breeze-scent\/#primaryimage","url":"https:\/\/yoosavers.com\/wp-content\/uploads\/2025\/09\/LITTLE-TREE-bayside-breeze.webp","contentUrl":"https:\/\/yoosavers.com\/wp-content\/uploads\/2025\/09\/LITTLE-TREE-bayside-breeze.webp","width":800,"height":800},{"@type":"BreadcrumbList","@id":"https:\/\/www.yoosavers.com\/fr\/produit\/little-trees-air-fresheners-bayside-breeze-scent\/#breadcrumb","itemListElement":[{"@type":"ListItem","position":1,"name":"Home","item":"https:\/\/yoosavers.com\/"},{"@type":"ListItem","position":2,"name":"Shop","item":"http:\/\/yoosavers.com\/shop\/"},{"@type":"ListItem","position":3,"name":"LITTLE TREES Air Fresheners Bayside Breeze Scent"}]},{"@type":"WebSite","@id":"https:\/\/yoosavers.com\/#website","url":"https:\/\/yoosavers.com\/","name":"YooSavers","description":"Unlocking Savings, Embracing Abundance","potentialAction":[{"@type":"SearchAction","target":{"@type":"EntryPoint","urlTemplate":"https:\/\/yoosavers.com\/?s={search_term_string}"},"query-input":{"@type":"PropertyValueSpecification","valueRequired":true,"valueName":"search_term_string"}}],"inLanguage":"fr-FR"}]}},"_links":{"self":[{"href":"https:\/\/yoosavers.com\/fr\/wp-json\/wp\/v2\/product\/10635","targetHints":{"allow":["GET"]}}],"collection":[{"href":"https:\/\/yoosavers.com\/fr\/wp-json\/wp\/v2\/product"}],"about":[{"href":"https:\/\/yoosavers.com\/fr\/wp-json\/wp\/v2\/types\/product"}],"replies":[{"embeddable":true,"href":"https:\/\/yoosavers.com\/fr\/wp-json\/wp\/v2\/comments?post=10635"}],"version-history":[{"count":0,"href":"https:\/\/yoosavers.com\/fr\/wp-json\/wp\/v2\/product\/10635\/revisions"}],"wp:featuredmedia":[{"embeddable":true,"href":"https:\/\/yoosavers.com\/fr\/wp-json\/wp\/v2\/media\/10636"}],"wp:attachment":[{"href":"https:\/\/yoosavers.com\/fr\/wp-json\/wp\/v2\/media?parent=10635"}],"wp:term":[{"taxonomy":"product_brand","embeddable":true,"href":"https:\/\/yoosavers.com\/fr\/wp-json\/wp\/v2\/product_brand?post=10635"},{"taxonomy":"product_cat","embeddable":true,"href":"https:\/\/yoosavers.com\/fr\/wp-json\/wp\/v2\/product_cat?post=10635"},{"taxonomy":"product_tag","embeddable":true,"href":"https:\/\/yoosavers.com\/fr\/wp-json\/wp\/v2\/product_tag?post=10635"}],"curies":[{"name":"wp","href":"https:\/\/api.w.org\/{rel}","templated":true}]}}