{"id":10517,"date":"2025-09-17T01:54:25","date_gmt":"2025-09-17T01:54:25","guid":{"rendered":"https:\/\/yoosavers.com\/?post_type=product&#038;p=10517"},"modified":"2025-09-22T21:30:39","modified_gmt":"2025-09-22T21:30:39","slug":"johnsons-baby-shampoo-300-ml-3-pack","status":"publish","type":"product","link":"https:\/\/yoosavers.com\/fr\/produit\/johnsons-baby-shampoo-300-ml-3-pack\/","title":{"rendered":"Johnson&#8217;s Baby Shampoo 300 ml &#8211; 3 Pack"},"content":{"rendered":"<p>Johnson&#8217;s Baby Classic Shampoo Children continue to develop their hair and scalp up to approximately 12 years of age. This means that children need a hair care specially designed to be gentle while offering advanced benefits. Johnson&#8217;s Baby Classic Shampoo is our softest baby shampoo and has been specially designed to gently clean baby&#8217;s fine hair and delicate scalp. Allows for quick soapy and easy rinsing, leaving your baby&#8217;s hair soft, shiny, manageable and clean. Perfect for children and adults alike. No More Crying Formula Hypoallergenic and pH neutral Free from dyes, phthalates, sulphates, alcohol and soap. Warm Tips Moisten baby&#8217;s hair with warm water, gently soak baby shampoo and rinse. For best results, use with Johnson&#8217;s Conditioner. Welcome to the world of Johnson&#8217;s . Whether it is during bubble baths or sleeping mimics, we are proud that our baby products have been part of special moments in babies life for almost 125 years. From our washes and baby shampoos do not cry any more to our clinically proven mild lotions and oils, we help create bath and bedtime routines that will surely satisfy even the smallest of loves. Buy new baby product lines to rediscover the soft formulas that have made us the name of the most trusted baby care with parents. Formulated to minimise the risk of allergies<\/p>","protected":false},"excerpt":{"rendered":"<ul>\n<li>Includes three (3) Johnson&#8217;s Baby Shampoo 300 ml.<\/li>\n<li>Johnson&#8217;s Baby Classic Shampoo Children continue to develop their hair and scalp up to approximately 12 years of age.<\/li>\n<li>Johnson&#8217;s Baby Classic Shampoo is our softest baby shampoo and has been specially designed to gently clean baby&#8217;s fine hair and delicate scalp.<\/li>\n<li>Allows for quick soapy and easy rinsing, leaving your baby&#8217;s hair soft, shiny, manageable and clean.<\/li>\n<li>Welcome to the world of Johnson&#8217;s .<\/li>\n<li>Acheter des nouveau b\u00e9b\u00e9 lignes de produits, de red\u00e9couvrir le doux formules qui ont fait de nous le nom de la plus digne de confiance de soins pour b\u00e9b\u00e9s avec les parents.<\/li>\n<\/ul>","protected":false},"featured_media":10518,"comment_status":"open","ping_status":"closed","template":"","meta":[],"product_brand":[],"product_cat":[19,98],"product_tag":[],"class_list":{"0":"post-10517","1":"product","2":"type-product","3":"status-publish","4":"has-post-thumbnail","6":"product_cat-baby","7":"product_cat-bath","9":"first","10":"instock","11":"taxable","12":"shipping-taxable","13":"purchasable","14":"product-type-simple"},"yoast_head":"<!-- This site is optimized with the Yoast SEO plugin v27.2 - https:\/\/yoast.com\/product\/yoast-seo-wordpress\/ -->\n<title>Johnson&#039;s Baby Shampoo 300 ml - 3 Pack - YooSavers<\/title>\n<meta name=\"robots\" content=\"index, follow, max-snippet:-1, max-image-preview:large, max-video-preview:-1\" \/>\n<link rel=\"canonical\" href=\"https:\/\/yoosavers.com\/fr\/produit\/johnsons-baby-shampoo-300-ml-3-pack\/\" \/>\n<meta property=\"og:locale\" content=\"fr_FR\" \/>\n<meta property=\"og:type\" content=\"article\" \/>\n<meta property=\"og:title\" content=\"Johnson&#039;s Baby Shampoo 300 ml - 3 Pack - YooSavers\" \/>\n<meta property=\"og:description\" content=\"Includes three (3) Johnson&#039;s Baby Shampoo 300 ml.  Johnson&#039;s Baby Classic Shampoo Children continue to develop their hair and scalp up to approximately 12 years of age.  Johnson&#039;s Baby Classic Shampoo is our softest baby shampoo and has been specially designed to gently clean baby&#039;s fine hair and delicate scalp.  Allows for quick soapy and easy rinsing, leaving your baby&#039;s hair soft, shiny, manageable and clean.  Welcome to the world of Johnson&#039;s .  Buy new baby product lines to rediscover the soft formulas that have made us the name of the most trusted baby care with parents.\" \/>\n<meta property=\"og:url\" content=\"https:\/\/yoosavers.com\/fr\/produit\/johnsons-baby-shampoo-300-ml-3-pack\/\" \/>\n<meta property=\"og:site_name\" content=\"YooSavers\" \/>\n<meta property=\"article:modified_time\" content=\"2025-09-22T21:30:39+00:00\" \/>\n<meta name=\"twitter:card\" content=\"summary_large_image\" \/>\n<meta name=\"twitter:label1\" content=\"Dur\u00e9e de lecture estim\u00e9e\" \/>\n\t<meta name=\"twitter:data1\" content=\"1 minute\" \/>\n<script type=\"application\/ld+json\" class=\"yoast-schema-graph\">{\"@context\":\"https:\/\/schema.org\",\"@graph\":[{\"@type\":\"WebPage\",\"@id\":\"https:\/\/yoosavers.com\/fr\/produit\/johnsons-baby-shampoo-300-ml-3-pack\/\",\"url\":\"https:\/\/yoosavers.com\/fr\/produit\/johnsons-baby-shampoo-300-ml-3-pack\/\",\"name\":\"Johnson's Baby Shampoo 300 ml - 3 Pack - YooSavers\",\"isPartOf\":{\"@id\":\"https:\/\/yoosavers.com\/#website\"},\"primaryImageOfPage\":{\"@id\":\"https:\/\/yoosavers.com\/fr\/produit\/johnsons-baby-shampoo-300-ml-3-pack\/#primaryimage\"},\"image\":{\"@id\":\"https:\/\/yoosavers.com\/fr\/produit\/johnsons-baby-shampoo-300-ml-3-pack\/#primaryimage\"},\"thumbnailUrl\":\"https:\/\/yoosavers.com\/wp-content\/uploads\/2025\/09\/Johnson-baby-shampp-300ml-3-pack.avif\",\"datePublished\":\"2025-09-17T01:54:25+00:00\",\"dateModified\":\"2025-09-22T21:30:39+00:00\",\"breadcrumb\":{\"@id\":\"https:\/\/yoosavers.com\/fr\/produit\/johnsons-baby-shampoo-300-ml-3-pack\/#breadcrumb\"},\"inLanguage\":\"fr-FR\",\"potentialAction\":[{\"@type\":\"ReadAction\",\"target\":[\"https:\/\/yoosavers.com\/fr\/produit\/johnsons-baby-shampoo-300-ml-3-pack\/\"]}]},{\"@type\":\"ImageObject\",\"inLanguage\":\"fr-FR\",\"@id\":\"https:\/\/yoosavers.com\/fr\/produit\/johnsons-baby-shampoo-300-ml-3-pack\/#primaryimage\",\"url\":\"https:\/\/yoosavers.com\/wp-content\/uploads\/2025\/09\/Johnson-baby-shampp-300ml-3-pack.avif\",\"contentUrl\":\"https:\/\/yoosavers.com\/wp-content\/uploads\/2025\/09\/Johnson-baby-shampp-300ml-3-pack.avif\",\"width\":573,\"height\":573},{\"@type\":\"BreadcrumbList\",\"@id\":\"https:\/\/yoosavers.com\/fr\/produit\/johnsons-baby-shampoo-300-ml-3-pack\/#breadcrumb\",\"itemListElement\":[{\"@type\":\"ListItem\",\"position\":1,\"name\":\"Home\",\"item\":\"https:\/\/yoosavers.com\/\"},{\"@type\":\"ListItem\",\"position\":2,\"name\":\"Shop\",\"item\":\"http:\/\/yoosavers.com\/shop\/\"},{\"@type\":\"ListItem\",\"position\":3,\"name\":\"Johnson&#8217;s Baby Shampoo 300 ml &#8211; 3 Pack\"}]},{\"@type\":\"WebSite\",\"@id\":\"https:\/\/yoosavers.com\/#website\",\"url\":\"https:\/\/yoosavers.com\/\",\"name\":\"YooSavers\",\"description\":\"Unlocking Savings, Embracing Abundance\",\"potentialAction\":[{\"@type\":\"SearchAction\",\"target\":{\"@type\":\"EntryPoint\",\"urlTemplate\":\"https:\/\/yoosavers.com\/?s={search_term_string}\"},\"query-input\":{\"@type\":\"PropertyValueSpecification\",\"valueRequired\":true,\"valueName\":\"search_term_string\"}}],\"inLanguage\":\"fr-FR\"}]}<\/script>\n<!-- \/ Yoast SEO plugin. -->","yoast_head_json":{"title":"Johnson's Baby Shampoo 300 ml - 3 Pack - YooSavers","robots":{"index":"index","follow":"follow","max-snippet":"max-snippet:-1","max-image-preview":"max-image-preview:large","max-video-preview":"max-video-preview:-1"},"canonical":"https:\/\/yoosavers.com\/fr\/produit\/johnsons-baby-shampoo-300-ml-3-pack\/","og_locale":"fr_FR","og_type":"article","og_title":"Johnson's Baby Shampoo 300 ml - 3 Pack - YooSavers","og_description":"Includes three (3) Johnson's Baby Shampoo 300 ml.  Johnson's Baby Classic Shampoo Children continue to develop their hair and scalp up to approximately 12 years of age.  Johnson's Baby Classic Shampoo is our softest baby shampoo and has been specially designed to gently clean baby's fine hair and delicate scalp.  Allows for quick soapy and easy rinsing, leaving your baby's hair soft, shiny, manageable and clean.  Welcome to the world of Johnson's .  Buy new baby product lines to rediscover the soft formulas that have made us the name of the most trusted baby care with parents.","og_url":"https:\/\/yoosavers.com\/fr\/produit\/johnsons-baby-shampoo-300-ml-3-pack\/","og_site_name":"YooSavers","article_modified_time":"2025-09-22T21:30:39+00:00","twitter_card":"summary_large_image","twitter_misc":{"Dur\u00e9e de lecture estim\u00e9e":"1 minute"},"schema":{"@context":"https:\/\/schema.org","@graph":[{"@type":"WebPage","@id":"https:\/\/yoosavers.com\/fr\/produit\/johnsons-baby-shampoo-300-ml-3-pack\/","url":"https:\/\/yoosavers.com\/fr\/produit\/johnsons-baby-shampoo-300-ml-3-pack\/","name":"Johnson's Baby Shampoo 300 ml - 3 Pack - YooSavers","isPartOf":{"@id":"https:\/\/yoosavers.com\/#website"},"primaryImageOfPage":{"@id":"https:\/\/yoosavers.com\/fr\/produit\/johnsons-baby-shampoo-300-ml-3-pack\/#primaryimage"},"image":{"@id":"https:\/\/yoosavers.com\/fr\/produit\/johnsons-baby-shampoo-300-ml-3-pack\/#primaryimage"},"thumbnailUrl":"https:\/\/yoosavers.com\/wp-content\/uploads\/2025\/09\/Johnson-baby-shampp-300ml-3-pack.avif","datePublished":"2025-09-17T01:54:25+00:00","dateModified":"2025-09-22T21:30:39+00:00","breadcrumb":{"@id":"https:\/\/yoosavers.com\/fr\/produit\/johnsons-baby-shampoo-300-ml-3-pack\/#breadcrumb"},"inLanguage":"fr-FR","potentialAction":[{"@type":"ReadAction","target":["https:\/\/yoosavers.com\/fr\/produit\/johnsons-baby-shampoo-300-ml-3-pack\/"]}]},{"@type":"ImageObject","inLanguage":"fr-FR","@id":"https:\/\/yoosavers.com\/fr\/produit\/johnsons-baby-shampoo-300-ml-3-pack\/#primaryimage","url":"https:\/\/yoosavers.com\/wp-content\/uploads\/2025\/09\/Johnson-baby-shampp-300ml-3-pack.avif","contentUrl":"https:\/\/yoosavers.com\/wp-content\/uploads\/2025\/09\/Johnson-baby-shampp-300ml-3-pack.avif","width":573,"height":573},{"@type":"BreadcrumbList","@id":"https:\/\/yoosavers.com\/fr\/produit\/johnsons-baby-shampoo-300-ml-3-pack\/#breadcrumb","itemListElement":[{"@type":"ListItem","position":1,"name":"Home","item":"https:\/\/yoosavers.com\/"},{"@type":"ListItem","position":2,"name":"Shop","item":"http:\/\/yoosavers.com\/shop\/"},{"@type":"ListItem","position":3,"name":"Johnson&#8217;s Baby Shampoo 300 ml &#8211; 3 Pack"}]},{"@type":"WebSite","@id":"https:\/\/yoosavers.com\/#website","url":"https:\/\/yoosavers.com\/","name":"YooSavers","description":"Unlocking Savings, Embracing Abundance","potentialAction":[{"@type":"SearchAction","target":{"@type":"EntryPoint","urlTemplate":"https:\/\/yoosavers.com\/?s={search_term_string}"},"query-input":{"@type":"PropertyValueSpecification","valueRequired":true,"valueName":"search_term_string"}}],"inLanguage":"fr-FR"}]}},"_links":{"self":[{"href":"https:\/\/yoosavers.com\/fr\/wp-json\/wp\/v2\/product\/10517","targetHints":{"allow":["GET"]}}],"collection":[{"href":"https:\/\/yoosavers.com\/fr\/wp-json\/wp\/v2\/product"}],"about":[{"href":"https:\/\/yoosavers.com\/fr\/wp-json\/wp\/v2\/types\/product"}],"replies":[{"embeddable":true,"href":"https:\/\/yoosavers.com\/fr\/wp-json\/wp\/v2\/comments?post=10517"}],"version-history":[{"count":0,"href":"https:\/\/yoosavers.com\/fr\/wp-json\/wp\/v2\/product\/10517\/revisions"}],"wp:featuredmedia":[{"embeddable":true,"href":"https:\/\/yoosavers.com\/fr\/wp-json\/wp\/v2\/media\/10518"}],"wp:attachment":[{"href":"https:\/\/yoosavers.com\/fr\/wp-json\/wp\/v2\/media?parent=10517"}],"wp:term":[{"taxonomy":"product_brand","embeddable":true,"href":"https:\/\/yoosavers.com\/fr\/wp-json\/wp\/v2\/product_brand?post=10517"},{"taxonomy":"product_cat","embeddable":true,"href":"https:\/\/yoosavers.com\/fr\/wp-json\/wp\/v2\/product_cat?post=10517"},{"taxonomy":"product_tag","embeddable":true,"href":"https:\/\/yoosavers.com\/fr\/wp-json\/wp\/v2\/product_tag?post=10517"}],"curies":[{"name":"wp","href":"https:\/\/api.w.org\/{rel}","templated":true}]}}