{"id":10231,"date":"2025-09-06T20:05:00","date_gmt":"2025-09-06T20:05:00","guid":{"rendered":"https:\/\/yoosavers.com\/?post_type=product&#038;p=10231"},"modified":"2025-10-26T03:30:28","modified_gmt":"2025-10-26T03:30:28","slug":"colgatetoothbrush-soft","status":"publish","type":"product","link":"https:\/\/yoosavers.com\/fr\/produit\/colgatetoothbrush-soft\/","title":{"rendered":"Colgate Toothbrush Extra Clean Soft"},"content":{"rendered":"<p>Colgate Extra Clean Full Head Soft Toothbrush is designed with circular power bristles to help remove tooth stains. Its cleaning tip bristles effectively reach and clean back teeth and between teeth. This manual toothbrush also has an easy-to-grip handle to provide comfort and control while brushing. Remember to change your toothbrush every 3 months.<\/p>","protected":false},"excerpt":{"rendered":"<ul class=\"a-unordered-list a-vertical a-spacing-mini\">\n<li class=\"a-spacing-mini\"><span class=\"a-list-item\">Brosse \u00e0 dents souple caract\u00e9ristiques de la circulaire de la puissance de soies pour aider \u00e0 nettoyer efficacement les dents<\/span><\/li>\n<li class=\"a-spacing-mini\"><span class=\"a-list-item\">Facile-\u00e0-poign\u00e9es de pr\u00e9hension pour offrir plus de confort et de contr\u00f4le pendant le brossage.Le fluorure libre<\/span><\/li>\n<li class=\"a-spacing-mini\"><span class=\"a-list-item\">Nettoyage de la pointe de soies pour atteindre efficacement et de nettoyer les dents et entre les dents<\/span><\/li>\n<li class=\"a-spacing-mini\"><span class=\"a-list-item\">Aide \u00e0 enlever la dent de taches<\/span><\/li>\n<li class=\"a-spacing-mini\"><span class=\"a-list-item\">Les couleurs varient<\/span><\/li>\n<\/ul>","protected":false},"featured_media":10232,"comment_status":"open","ping_status":"closed","template":"","meta":[],"product_brand":[],"product_cat":[119,18],"product_tag":[],"class_list":{"0":"post-10231","1":"product","2":"type-product","3":"status-publish","4":"has-post-thumbnail","6":"product_cat-oral-care","7":"product_cat-personal-care","9":"first","10":"instock","11":"featured","12":"taxable","13":"shipping-taxable","14":"purchasable","15":"product-type-simple"},"yoast_head":"<!-- This site is optimized with the Yoast SEO plugin v27.2 - https:\/\/yoast.com\/product\/yoast-seo-wordpress\/ -->\n<title>Colgate Toothbrush Extra Clean Soft - YooSavers<\/title>\n<meta name=\"robots\" content=\"index, follow, max-snippet:-1, max-image-preview:large, max-video-preview:-1\" \/>\n<link rel=\"canonical\" href=\"https:\/\/www.yoosavers.com\/product\/colgatetoothbrush-soft\/\" \/>\n<meta property=\"og:locale\" content=\"fr_FR\" \/>\n<meta property=\"og:type\" content=\"article\" \/>\n<meta property=\"og:title\" content=\"Colgate Toothbrush Extra Clean Soft - YooSavers\" \/>\n<meta property=\"og:description\" content=\"Soft toothbrush features circular power bristles to help effectively clean teeth  Easy-to-grip handles to provide comfort and control while brushing.Fluoride free  Cleaning tip bristles to effectively reach and clean back teeth and between teeth  Helps remove tooth stains  Colors will vary\" \/>\n<meta property=\"og:url\" content=\"https:\/\/www.yoosavers.com\/product\/colgatetoothbrush-soft\/\" \/>\n<meta property=\"og:site_name\" content=\"YooSavers\" \/>\n<meta property=\"article:modified_time\" content=\"2025-10-26T03:30:28+00:00\" \/>\n<meta name=\"twitter:card\" content=\"summary_large_image\" \/>\n<script type=\"application\/ld+json\" class=\"yoast-schema-graph\">{\"@context\":\"https:\/\/schema.org\",\"@graph\":[{\"@type\":\"WebPage\",\"@id\":\"https:\/\/www.yoosavers.com\/product\/colgatetoothbrush-soft\/\",\"url\":\"https:\/\/www.yoosavers.com\/product\/colgatetoothbrush-soft\/\",\"name\":\"Colgate Toothbrush Extra Clean Soft - YooSavers\",\"isPartOf\":{\"@id\":\"https:\/\/yoosavers.com\/#website\"},\"primaryImageOfPage\":{\"@id\":\"https:\/\/www.yoosavers.com\/product\/colgatetoothbrush-soft\/#primaryimage\"},\"image\":{\"@id\":\"https:\/\/www.yoosavers.com\/product\/colgatetoothbrush-soft\/#primaryimage\"},\"thumbnailUrl\":\"https:\/\/yoosavers.com\/wp-content\/uploads\/2025\/09\/027.avif\",\"datePublished\":\"2025-09-06T20:05:00+00:00\",\"dateModified\":\"2025-10-26T03:30:28+00:00\",\"breadcrumb\":{\"@id\":\"https:\/\/www.yoosavers.com\/product\/colgatetoothbrush-soft\/#breadcrumb\"},\"inLanguage\":\"fr-FR\",\"potentialAction\":[{\"@type\":\"ReadAction\",\"target\":[\"https:\/\/www.yoosavers.com\/product\/colgatetoothbrush-soft\/\"]}]},{\"@type\":\"ImageObject\",\"inLanguage\":\"fr-FR\",\"@id\":\"https:\/\/www.yoosavers.com\/product\/colgatetoothbrush-soft\/#primaryimage\",\"url\":\"https:\/\/yoosavers.com\/wp-content\/uploads\/2025\/09\/027.avif\",\"contentUrl\":\"https:\/\/yoosavers.com\/wp-content\/uploads\/2025\/09\/027.avif\",\"width\":573,\"height\":573},{\"@type\":\"BreadcrumbList\",\"@id\":\"https:\/\/www.yoosavers.com\/product\/colgatetoothbrush-soft\/#breadcrumb\",\"itemListElement\":[{\"@type\":\"ListItem\",\"position\":1,\"name\":\"Home\",\"item\":\"https:\/\/yoosavers.com\/\"},{\"@type\":\"ListItem\",\"position\":2,\"name\":\"Shop\",\"item\":\"http:\/\/yoosavers.com\/shop\/\"},{\"@type\":\"ListItem\",\"position\":3,\"name\":\"Colgate Toothbrush Extra Clean Soft\"}]},{\"@type\":\"WebSite\",\"@id\":\"https:\/\/yoosavers.com\/#website\",\"url\":\"https:\/\/yoosavers.com\/\",\"name\":\"YooSavers\",\"description\":\"Unlocking Savings, Embracing Abundance\",\"potentialAction\":[{\"@type\":\"SearchAction\",\"target\":{\"@type\":\"EntryPoint\",\"urlTemplate\":\"https:\/\/yoosavers.com\/?s={search_term_string}\"},\"query-input\":{\"@type\":\"PropertyValueSpecification\",\"valueRequired\":true,\"valueName\":\"search_term_string\"}}],\"inLanguage\":\"fr-FR\"}]}<\/script>\n<!-- \/ Yoast SEO plugin. -->","yoast_head_json":{"title":"Colgate Toothbrush Extra Clean Soft - YooSavers","robots":{"index":"index","follow":"follow","max-snippet":"max-snippet:-1","max-image-preview":"max-image-preview:large","max-video-preview":"max-video-preview:-1"},"canonical":"https:\/\/www.yoosavers.com\/product\/colgatetoothbrush-soft\/","og_locale":"fr_FR","og_type":"article","og_title":"Colgate Toothbrush Extra Clean Soft - YooSavers","og_description":"Soft toothbrush features circular power bristles to help effectively clean teeth  Easy-to-grip handles to provide comfort and control while brushing.Fluoride free  Cleaning tip bristles to effectively reach and clean back teeth and between teeth  Helps remove tooth stains  Colors will vary","og_url":"https:\/\/www.yoosavers.com\/product\/colgatetoothbrush-soft\/","og_site_name":"YooSavers","article_modified_time":"2025-10-26T03:30:28+00:00","twitter_card":"summary_large_image","schema":{"@context":"https:\/\/schema.org","@graph":[{"@type":"WebPage","@id":"https:\/\/www.yoosavers.com\/product\/colgatetoothbrush-soft\/","url":"https:\/\/www.yoosavers.com\/product\/colgatetoothbrush-soft\/","name":"Colgate Toothbrush Extra Clean Soft - YooSavers","isPartOf":{"@id":"https:\/\/yoosavers.com\/#website"},"primaryImageOfPage":{"@id":"https:\/\/www.yoosavers.com\/product\/colgatetoothbrush-soft\/#primaryimage"},"image":{"@id":"https:\/\/www.yoosavers.com\/product\/colgatetoothbrush-soft\/#primaryimage"},"thumbnailUrl":"https:\/\/yoosavers.com\/wp-content\/uploads\/2025\/09\/027.avif","datePublished":"2025-09-06T20:05:00+00:00","dateModified":"2025-10-26T03:30:28+00:00","breadcrumb":{"@id":"https:\/\/www.yoosavers.com\/product\/colgatetoothbrush-soft\/#breadcrumb"},"inLanguage":"fr-FR","potentialAction":[{"@type":"ReadAction","target":["https:\/\/www.yoosavers.com\/product\/colgatetoothbrush-soft\/"]}]},{"@type":"ImageObject","inLanguage":"fr-FR","@id":"https:\/\/www.yoosavers.com\/product\/colgatetoothbrush-soft\/#primaryimage","url":"https:\/\/yoosavers.com\/wp-content\/uploads\/2025\/09\/027.avif","contentUrl":"https:\/\/yoosavers.com\/wp-content\/uploads\/2025\/09\/027.avif","width":573,"height":573},{"@type":"BreadcrumbList","@id":"https:\/\/www.yoosavers.com\/product\/colgatetoothbrush-soft\/#breadcrumb","itemListElement":[{"@type":"ListItem","position":1,"name":"Home","item":"https:\/\/yoosavers.com\/"},{"@type":"ListItem","position":2,"name":"Shop","item":"http:\/\/yoosavers.com\/shop\/"},{"@type":"ListItem","position":3,"name":"Colgate Toothbrush Extra Clean Soft"}]},{"@type":"WebSite","@id":"https:\/\/yoosavers.com\/#website","url":"https:\/\/yoosavers.com\/","name":"YooSavers","description":"Unlocking Savings, Embracing Abundance","potentialAction":[{"@type":"SearchAction","target":{"@type":"EntryPoint","urlTemplate":"https:\/\/yoosavers.com\/?s={search_term_string}"},"query-input":{"@type":"PropertyValueSpecification","valueRequired":true,"valueName":"search_term_string"}}],"inLanguage":"fr-FR"}]}},"_links":{"self":[{"href":"https:\/\/yoosavers.com\/fr\/wp-json\/wp\/v2\/product\/10231","targetHints":{"allow":["GET"]}}],"collection":[{"href":"https:\/\/yoosavers.com\/fr\/wp-json\/wp\/v2\/product"}],"about":[{"href":"https:\/\/yoosavers.com\/fr\/wp-json\/wp\/v2\/types\/product"}],"replies":[{"embeddable":true,"href":"https:\/\/yoosavers.com\/fr\/wp-json\/wp\/v2\/comments?post=10231"}],"version-history":[{"count":0,"href":"https:\/\/yoosavers.com\/fr\/wp-json\/wp\/v2\/product\/10231\/revisions"}],"wp:featuredmedia":[{"embeddable":true,"href":"https:\/\/yoosavers.com\/fr\/wp-json\/wp\/v2\/media\/10232"}],"wp:attachment":[{"href":"https:\/\/yoosavers.com\/fr\/wp-json\/wp\/v2\/media?parent=10231"}],"wp:term":[{"taxonomy":"product_brand","embeddable":true,"href":"https:\/\/yoosavers.com\/fr\/wp-json\/wp\/v2\/product_brand?post=10231"},{"taxonomy":"product_cat","embeddable":true,"href":"https:\/\/yoosavers.com\/fr\/wp-json\/wp\/v2\/product_cat?post=10231"},{"taxonomy":"product_tag","embeddable":true,"href":"https:\/\/yoosavers.com\/fr\/wp-json\/wp\/v2\/product_tag?post=10231"}],"curies":[{"name":"wp","href":"https:\/\/api.w.org\/{rel}","templated":true}]}}