{"id":11843,"date":"2025-09-26T14:18:38","date_gmt":"2025-09-26T14:18:38","guid":{"rendered":"https:\/\/yoosavers.com\/?page_id=11843"},"modified":"2026-02-16T16:29:25","modified_gmt":"2026-02-16T16:29:25","slug":"faqs","status":"publish","type":"page","link":"https:\/\/yoosavers.com\/fr\/faqs\/","title":{"rendered":"Faqs"},"content":{"rendered":"<div data-elementor-type=\"wp-page\" data-elementor-id=\"11843\" class=\"elementor elementor-11843\" data-elementor-post-type=\"page\">\n\t\t\t\t<div class=\"wd-negative-gap elementor-element elementor-element-3d57d21 e-flex e-con-boxed e-con e-parent\" data-id=\"3d57d21\" data-element_type=\"container\" data-e-type=\"container\">\n\t\t\t\t\t<div class=\"e-con-inner\">\n\t\t\t\t<div class=\"elementor-element elementor-element-2073d35 elementor-widget__width-inherit elementor-widget-tablet__width-inherit elementor-widget elementor-widget-wd_accordion\" data-id=\"2073d35\" data-element_type=\"widget\" data-e-type=\"widget\" data-widget_type=\"wd_accordion.default\">\n\t\t\t\t<div class=\"elementor-widget-container\">\n\t\t\t\t\t\n\t\t<div class=\"wd-accordion wd-style-shadow wd-titles-left wd-opener-pos-right wd-opener-style-arrow\" data-state=\"first\">\n\t\t\t\t\t\t\t\n\t\t\t\t<div class=\"wd-accordion-item\">\n\t\t\t\t\t<div class=\"wd-accordion-title wd-role-btn wd-active\" data-accordion-index=\"0\" tabindex=\"0\">\n\t\t\t\t\t\t<div class=\"wd-accordion-title-text\">\n\t\t\t\t\t\t\t\t\t\t\t\t\t\t<span>\n\t\t\t\t\t\t\t\tCe qui rend votre magasin diff\u00e9rent des autres?\t\t\t\t\t\t\t<\/span>\n\t\t\t\t\t\t<\/div>\n\t\t\t\t\t\t<span class=\"wd-accordion-opener\"><\/span>\n\t\t\t\t\t<\/div>\n\n\t\t\t\t\t<div class=\"wd-accordion-content wd-entry-content wd-active\" data-accordion-index=\"0\">\n\t\t\t\t\t\t\t\t\t\t\t\t\t\n\t\t\t\t\t\t\t<p>Nous offrons des prix de gros sans exiger les achats en vrac. Les clients peuvent acheter des articles simples, \u00e0 faible co\u00fbt tout en b\u00e9n\u00e9ficiant de la prime de qualit\u00e9.<\/p>\n\t\t\t\t\t\t\t\t\t\t\t\t\t\t\t\t\t\t<\/div>\n\t\t\t\t<\/div>\n\t\t\t\t\t\t\t\n\t\t\t\t<div class=\"wd-accordion-item\">\n\t\t\t\t\t<div class=\"wd-accordion-title wd-role-btn\" data-accordion-index=\"1\" tabindex=\"0\">\n\t\t\t\t\t\t<div class=\"wd-accordion-title-text\">\n\t\t\t\t\t\t\t\t\t\t\t\t\t\t<span>\n\t\t\t\t\t\t\t\tQuelle est la vitesse du processus de livraison?\t\t\t\t\t\t\t<\/span>\n\t\t\t\t\t\t<\/div>\n\t\t\t\t\t\t<span class=\"wd-accordion-opener\"><\/span>\n\t\t\t\t\t<\/div>\n\n\t\t\t\t\t<div class=\"wd-accordion-content wd-entry-content\" data-accordion-index=\"1\">\n\t\t\t\t\t\t\t\t\t\t\t\t\t\n\t\t\t\t\t\t\t<p>Les commandes sont exp\u00e9di\u00e9es rapidement gr\u00e2ce \u00e0 la confiance des partenaires logistiques. La plupart des articles arrivent dans un d\u00e9lai de quelques jours, bien emball\u00e9s et pr\u00eats \u00e0 l'emploi.<\/p>\n\t\t\t\t\t\t\t\t\t\t\t\t\t\t\t\t\t\t<\/div>\n\t\t\t\t<\/div>\n\t\t\t\t\t\t\t\n\t\t\t\t<div class=\"wd-accordion-item\">\n\t\t\t\t\t<div class=\"wd-accordion-title wd-role-btn\" data-accordion-index=\"2\" tabindex=\"0\">\n\t\t\t\t\t\t<div class=\"wd-accordion-title-text\">\n\t\t\t\t\t\t\t\t\t\t\t\t\t\t<span>\n\t\t\t\t\t\t\t\tAvez-vous garantir la qualit\u00e9 du produit?\t\t\t\t\t\t\t<\/span>\n\t\t\t\t\t\t<\/div>\n\t\t\t\t\t\t<span class=\"wd-accordion-opener\"><\/span>\n\t\t\t\t\t<\/div>\n\n\t\t\t\t\t<div class=\"wd-accordion-content wd-entry-content\" data-accordion-index=\"2\">\n\t\t\t\t\t\t\t\t\t\t\t\t\t\n\t\t\t\t\t\t\t<p>Oui, chaque \u00e9l\u00e9ment est obtenu \u00e0 partir de fournisseurs de confiance. Nous prenons soin de v\u00e9rifier les normes de qualit\u00e9 pour vous assurer d'obtenir d'excellents produits \u00e0 des prix abordables.<\/p>\n\t\t\t\t\t\t\t\t\t\t\t\t\t\t\t\t\t\t<\/div>\n\t\t\t\t<\/div>\n\t\t\t\t\t\t\t\n\t\t\t\t<div class=\"wd-accordion-item\">\n\t\t\t\t\t<div class=\"wd-accordion-title wd-role-btn\" data-accordion-index=\"3\" tabindex=\"0\">\n\t\t\t\t\t\t<div class=\"wd-accordion-title-text\">\n\t\t\t\t\t\t\t\t\t\t\t\t\t\t<span>\n\t\t\t\t\t\t\t\tDe quel genre de soutien \u00e0 la client\u00e8le pensez-vous fournir?\t\t\t\t\t\t\t<\/span>\n\t\t\t\t\t\t<\/div>\n\t\t\t\t\t\t<span class=\"wd-accordion-opener\"><\/span>\n\t\t\t\t\t<\/div>\n\n\t\t\t\t\t<div class=\"wd-accordion-content wd-entry-content\" data-accordion-index=\"3\">\n\t\t\t\t\t\t\t\t\t\t\t\t\t\n\t\t\t\t\t\t\t<p>Notre \u00e9quipe de support est disponible pour r\u00e9pondre \u00e0 des questions, r\u00e9soudre des probl\u00e8mes et apporter des conseils. Nous avons pour objectif de faire du shopping sans stress et fiable.<\/p>\n\t\t\t\t\t\t\t\t\t\t\t\t\t\t\t\t\t\t<\/div>\n\t\t\t\t<\/div>\n\t\t\t\t\t\t\t\n\t\t\t\t<div class=\"wd-accordion-item\">\n\t\t\t\t\t<div class=\"wd-accordion-title wd-role-btn\" data-accordion-index=\"4\" tabindex=\"0\">\n\t\t\t\t\t\t<div class=\"wd-accordion-title-text\">\n\t\t\t\t\t\t\t\t\t\t\t\t\t\t<span>\n\t\t\t\t\t\t\t\tPuis-je retourner ou \u00e9changer un produit, si n\u00e9cessaire?\t\t\t\t\t\t\t<\/span>\n\t\t\t\t\t\t<\/div>\n\t\t\t\t\t\t<span class=\"wd-accordion-opener\"><\/span>\n\t\t\t\t\t<\/div>\n\n\t\t\t\t\t<div class=\"wd-accordion-content wd-entry-content\" data-accordion-index=\"4\">\n\t\t\t\t\t\t\t\t\t\t\t\t\t\n\t\t\t\t\t\t\t<p>Oui, nous offrons un simple retour et d'\u00e9change politique. Si quelque chose n'est pas droite, notre \u00e9quipe vous aidera rapidement.<\/p>\n\t\t\t\t\t\t\t\t\t\t\t\t\t\t\t\t\t\t<\/div>\n\t\t\t\t<\/div>\n\t\t\t\t\t\t\t\n\t\t\t\t<div class=\"wd-accordion-item\">\n\t\t\t\t\t<div class=\"wd-accordion-title wd-role-btn\" data-accordion-index=\"5\" tabindex=\"0\">\n\t\t\t\t\t\t<div class=\"wd-accordion-title-text\">\n\t\t\t\t\t\t\t\t\t\t\t\t\t\t<span>\n\t\t\t\t\t\t\t\tQU'EST-CE QUE WHOLETAIL?\t\t\t\t\t\t\t<\/span>\n\t\t\t\t\t\t<\/div>\n\t\t\t\t\t\t<span class=\"wd-accordion-opener\"><\/span>\n\t\t\t\t\t<\/div>\n\n\t\t\t\t\t<div class=\"wd-accordion-content wd-entry-content\" data-accordion-index=\"5\">\n\t\t\t\t\t\t\t\t\t\t\t\t\t\n\t\t\t\t\t\t\t<p>Wholetail est un mod\u00e8le d'affaires qui combine les meilleurs \u00e9l\u00e9ments de <strong><b>en gros<\/b><\/strong>\u00a0et <strong><b>d\u00e9tail<\/b><\/strong>.<\/p><p>Cela signifie que nous <strong><b>acheter les produits en vrac au prix de gros ou prix de liquidation<\/b><\/strong>et puis les rendre disponibles pour vous dans <strong><b>les petits lots ou en tant qu'\u00e9l\u00e9ments individuels<\/b><\/strong>. De cette fa\u00e7on, vous obtenez l'avantage de prix de gros <strong><b>sans avoir besoin d'acheter toute une palette ou le transport de lots complets<\/b><\/strong>.<\/p>\n\t\t\t\t\t\t\t\t\t\t\t\t\t\t\t\t\t\t<\/div>\n\t\t\t\t<\/div>\n\t\t\t\t\t\t\t\n\t\t\t\t<div class=\"wd-accordion-item\">\n\t\t\t\t\t<div class=\"wd-accordion-title wd-role-btn\" data-accordion-index=\"6\" tabindex=\"0\">\n\t\t\t\t\t\t<div class=\"wd-accordion-title-text\">\n\t\t\t\t\t\t\t\t\t\t\t\t\t\t<span>\n\t\t\t\t\t\t\t\tWHAT IS PAY AFTER DELIVERY?\t\t\t\t\t\t\t<\/span>\n\t\t\t\t\t\t<\/div>\n\t\t\t\t\t\t<span class=\"wd-accordion-opener\"><\/span>\n\t\t\t\t\t<\/div>\n\n\t\t\t\t\t<div class=\"wd-accordion-content wd-entry-content\" data-accordion-index=\"6\">\n\t\t\t\t\t\t\t\t\t\t\t\t\t\n\t\t\t\t\t\t\t<p>Pay After Delivery allows you to receive your order first and pay only after it has been delivered to you. You shop with confidence knowing you don\u2019t pay upfront. There is no hidden fees and you only pay the product price shown at checkout (unless otherwise stated). You must be verified via SMS in order to be eligible for Pay After Delivery. We understand Yoosavers is growing, and we want customers to shop with confidence.<\/p><p>Pay After Delivery helps you:<\/p><ul><li>Avoid payment risk<\/li><li>Build trust<\/li><li>Try Yoosavers worry-free<\/li><\/ul>\n\t\t\t\t\t\t\t\t\t\t\t\t\t\t\t\t\t\t<\/div>\n\t\t\t\t<\/div>\n\t\t\t\t\t\t\t\n\t\t\t\t<div class=\"wd-accordion-item\">\n\t\t\t\t\t<div class=\"wd-accordion-title wd-role-btn\" data-accordion-index=\"7\" tabindex=\"0\">\n\t\t\t\t\t\t<div class=\"wd-accordion-title-text\">\n\t\t\t\t\t\t\t\t\t\t\t\t\t\t<span>\n\t\t\t\t\t\t\t\tHOW DOES  PAY AFTER DELIVERY WORK?\t\t\t\t\t\t\t\t<\/span>\n\t\t\t\t\t\t<\/div>\n\t\t\t\t\t\t<span class=\"wd-accordion-opener\"><\/span>\n\t\t\t\t\t<\/div>\n\n\t\t\t\t\t<div class=\"wd-accordion-content wd-entry-content\" data-accordion-index=\"7\">\n\t\t\t\t\t\t\t\t\t\t\t\t\t\n\t\t\t\t\t\t\t<ol><li>Add eligible products to your cart<\/li><li>Select <strong><b>Pay After Delivery<\/b><\/strong>at checkout<\/li><li>Receive your order<\/li><li>Make payment within 3 days after delivery via Credit\/Debit Card, Zelle, Bank Transfer, Check<\/li><\/ol><p>It\u2019s simple, safe, and risk-free.<\/p>\n\t\t\t\t\t\t\t\t\t\t\t\t\t\t\t\t\t\t<\/div>\n\t\t\t\t<\/div>\n\t\t\t\t\t<\/div>\n\t\t\t\t\t\t<\/div>\n\t\t\t\t<\/div>\n\t\t\t\t\t<\/div>\n\t\t\t\t<\/div>\n\t\t<div class=\"wd-negative-gap elementor-element elementor-element-324c686f wd-section-stretch e-flex e-con-boxed e-con e-parent\" data-id=\"324c686f\" data-element_type=\"container\" data-e-type=\"container\">\n\t\t\t\t\t<div class=\"e-con-inner\">\n\t\t<div class=\"elementor-element elementor-element-6c205f15 e-con-full e-flex e-con e-child\" data-id=\"6c205f15\" data-element_type=\"container\" data-e-type=\"container\" data-settings=\"{&quot;background_background&quot;:&quot;gradient&quot;}\">\n\t\t<div class=\"elementor-element elementor-element-7a9e692 e-con-full e-flex e-con e-child\" data-id=\"7a9e692\" data-element_type=\"container\" data-e-type=\"container\">\n\t\t\t\t<div class=\"elementor-element elementor-element-a3ab297 wd-animation-slide-from-bottom elementor-widget__width-inherit wd-width-100 wd-animation-normal wd-animation wd-transform elementor-widget elementor-widget-wd_title\" data-id=\"a3ab297\" data-element_type=\"widget\" data-e-type=\"widget\" data-widget_type=\"wd_title.default\">\n\t\t\t\t<div class=\"elementor-widget-container\">\n\t\t\t\t\t\t\t<div class=\"title-wrapper wd-set-mb reset-last-child wd-title-color-white wd-title-style-default wd-title-size-default text-left\">\n\n\t\t\t\t\t\t\t\t\t\t\t<div class=\"title-subtitle subtitle-color-white subtitle-style-background wd-fontsize-xs\">\n\t\t\t\t\tSmart Shopping, De Plus Grandes \u00c9conomies\t\t\t\t<\/div>\n\t\t\t\n\t\t\t<div class=\"liner-continer\">\n\t\t\t\t<h2 class=\"woodmart-title-container title wd-fontsize-l\">Offres exclusives que Vous ne Pouvez pas Manquer<\/h2> \n\t\t\t\t\t\t\t<\/div>\n\n\t\t\t\t\t\t\t<div class=\"title-after_title reset-last-child wd-fontsize-xs\">\n\t\t\t\t\t<p>Au Yoosavers, nous vous apportons des r\u00e9ductions imbattables sur les besoins essentiels du quotidien\u2014sans le gros-acheter exigence.<\/p><p>Profitez des prix de gros sur les \u00e9l\u00e9ments simples, vous donnant la libert\u00e9 de faire des choix intelligents, tout en \u00e9conomisant de gros. Pas de co\u00fbts cach\u00e9s, pas de trucs\u2014pur juste valeur.<\/p><p>Achetez les meilleures offres quotidiennes et de l'exp\u00e9rience de l'\u00e9pargne qui font vraiment une diff\u00e9rence.<\/p>\t\t\t\t<\/div>\n\t\t\t\t\t<\/div>\n\t\t\t\t\t\t<\/div>\n\t\t\t\t<\/div>\n\t\t<div class=\"elementor-element elementor-element-10009da4 e-con-full e-flex e-con e-child\" data-id=\"10009da4\" data-element_type=\"container\" data-e-type=\"container\">\n\t\t\t\t<div class=\"elementor-element elementor-element-14625e2c elementor-widget elementor-widget-button\" data-id=\"14625e2c\" data-element_type=\"widget\" data-e-type=\"widget\" data-widget_type=\"button.default\">\n\t\t\t\t\t\t\t\t\t\t<a class=\"elementor-button elementor-button-link elementor-size-sm elementor-animation-grow\" href=\"#\">\n\t\t\t\t\t\t<span class=\"elementor-button-content-wrapper\">\n\t\t\t\t\t\t\t\t\t<span class=\"elementor-button-text\">Prenez Traite Aujourd'Hui<\/span>\n\t\t\t\t\t<\/span>\n\t\t\t\t\t<\/a>\n\t\t\t\t\t\t\t\t<\/div>\n\t\t\t\t<div class=\"elementor-element elementor-element-5d541c75 elementor-widget elementor-widget-button\" data-id=\"5d541c75\" data-element_type=\"widget\" data-e-type=\"widget\" data-widget_type=\"button.default\">\n\t\t\t\t\t\t\t\t\t\t<a class=\"elementor-button elementor-button-link elementor-size-sm elementor-animation-grow\" href=\"#\">\n\t\t\t\t\t\t<span class=\"elementor-button-content-wrapper\">\n\t\t\t\t\t\t\t\t\t<span class=\"elementor-button-text\">Shop &amp; Enregistrer Maintenant<\/span>\n\t\t\t\t\t<\/span>\n\t\t\t\t\t<\/a>\n\t\t\t\t\t\t\t\t<\/div>\n\t\t\t\t<\/div>\n\t\t\t\t<\/div>\n\t\t<div class=\"elementor-element elementor-element-15440332 e-con-full e-flex e-con e-child\" data-id=\"15440332\" data-element_type=\"container\" data-e-type=\"container\">\n\t\t\t\t\t<link rel=\"stylesheet\" id=\"wd-mod-animations-transform-base-css\" href=\"https:\/\/yoosavers.com\/wp-content\/themes\/woodmart\/css\/parts\/mod-animations-transform-base.min.css?ver=8.3.4\" type=\"text\/css\" media=\"all\" \/> \t\t\t\t\t\t<link rel=\"stylesheet\" id=\"wd-mod-animations-transform-css\" href=\"https:\/\/yoosavers.com\/wp-content\/themes\/woodmart\/css\/parts\/mod-animations-transform.min.css?ver=8.3.4\" type=\"text\/css\" media=\"all\" \/> \t\t\t\t\t\t<link rel=\"stylesheet\" id=\"wd-mod-transform-css\" href=\"https:\/\/yoosavers.com\/wp-content\/themes\/woodmart\/css\/parts\/mod-transform.min.css?ver=8.3.4\" type=\"text\/css\" media=\"all\" \/> \t\t\t\t\t<div class=\"elementor-element elementor-element-377b5e50 elementor-widget__width-inherit elementor-absolute wd-animation-bottom-flip-x wd-animation-normal wd_delay_100 wd-animation wd-transform elementor-widget elementor-widget-image\" data-id=\"377b5e50\" data-element_type=\"widget\" data-e-type=\"widget\" data-settings=\"{&quot;_position&quot;:&quot;absolute&quot;}\" data-widget_type=\"image.default\">\n\t\t\t\t\t\t\t\t\t\t\t\t\t\t\t<img loading=\"lazy\" decoding=\"async\" width=\"780\" height=\"736\" src=\"https:\/\/yoosavers.com\/wp-content\/uploads\/2025\/09\/Gemini_Generated_Image_fv7g8gfv7g8gfv7g-Photoroom-e1758673752965.png\" class=\"attachment-full size-full wp-image-11182\" alt=\"Product promotional image\" srcset=\"https:\/\/yoosavers.com\/wp-content\/uploads\/2025\/09\/Gemini_Generated_Image_fv7g8gfv7g8gfv7g-Photoroom-e1758673752965.png 780w, https:\/\/yoosavers.com\/wp-content\/uploads\/2025\/09\/Gemini_Generated_Image_fv7g8gfv7g8gfv7g-Photoroom-e1758673752965-300x283.png 300w, https:\/\/yoosavers.com\/wp-content\/uploads\/2025\/09\/Gemini_Generated_Image_fv7g8gfv7g8gfv7g-Photoroom-e1758673752965-768x725.png 768w, https:\/\/yoosavers.com\/wp-content\/uploads\/2025\/09\/Gemini_Generated_Image_fv7g8gfv7g8gfv7g-Photoroom-e1758673752965-600x566.png 600w, https:\/\/yoosavers.com\/wp-content\/uploads\/2025\/09\/Gemini_Generated_Image_fv7g8gfv7g8gfv7g-Photoroom-e1758673752965-150x142.png 150w\" sizes=\"auto, (max-width: 780px) 100vw, 780px\" \/>\t\t\t\t\t\t\t\t\t\t\t\t\t\t\t<\/div>\n\t\t\t\t<\/div>\n\t\t\t\t<\/div>\n\t\t\t\t\t<\/div>\n\t\t\t\t<\/div>\n\t\t\t\t<\/div>","protected":false},"excerpt":{"rendered":"<p>What makes your store different from others? We offer wholesale pricing without requiring bulk purchases. Customers can buy single items<\/p>","protected":false},"author":1,"featured_media":0,"parent":0,"menu_order":0,"comment_status":"closed","ping_status":"closed","template":"","meta":{"footnotes":""},"class_list":["post-11843","page","type-page","status-publish","hentry"],"yoast_head":"<!-- This site is optimized with the Yoast SEO plugin v27.2 - https:\/\/yoast.com\/product\/yoast-seo-wordpress\/ -->\n<title>Faqs - YooSavers<\/title>\n<meta name=\"robots\" content=\"index, follow, max-snippet:-1, max-image-preview:large, max-video-preview:-1\" \/>\n<link rel=\"canonical\" href=\"https:\/\/yoosavers.com\/fr\/faqs\/\" \/>\n<meta property=\"og:locale\" content=\"fr_FR\" \/>\n<meta property=\"og:type\" content=\"article\" \/>\n<meta property=\"og:title\" content=\"Faqs - YooSavers\" \/>\n<meta property=\"og:description\" content=\"What makes your store different from others? We offer wholesale pricing without requiring bulk purchases. Customers can buy single items\" \/>\n<meta property=\"og:url\" content=\"https:\/\/yoosavers.com\/fr\/faqs\/\" \/>\n<meta property=\"og:site_name\" content=\"YooSavers\" \/>\n<meta property=\"article:modified_time\" content=\"2026-02-16T16:29:25+00:00\" \/>\n<meta property=\"og:image\" content=\"http:\/\/yoosavers.com\/wp-content\/uploads\/2025\/09\/Gemini_Generated_Image_fv7g8gfv7g8gfv7g-Photoroom-e1758673752965.png\" \/>\n<meta name=\"twitter:card\" content=\"summary_large_image\" \/>\n<meta name=\"twitter:label1\" content=\"Dur\u00e9e de lecture estim\u00e9e\" \/>\n\t<meta name=\"twitter:data1\" content=\"2 minutes\" \/>\n<script type=\"application\/ld+json\" class=\"yoast-schema-graph\">{\"@context\":\"https:\/\/schema.org\",\"@graph\":[{\"@type\":\"WebPage\",\"@id\":\"https:\/\/yoosavers.com\/fr\/faqs\/\",\"url\":\"https:\/\/yoosavers.com\/fr\/faqs\/\",\"name\":\"Faqs - YooSavers\",\"isPartOf\":{\"@id\":\"https:\/\/yoosavers.com\/#website\"},\"primaryImageOfPage\":{\"@id\":\"https:\/\/yoosavers.com\/fr\/faqs\/#primaryimage\"},\"image\":{\"@id\":\"https:\/\/yoosavers.com\/fr\/faqs\/#primaryimage\"},\"thumbnailUrl\":\"http:\/\/yoosavers.com\/wp-content\/uploads\/2025\/09\/Gemini_Generated_Image_fv7g8gfv7g8gfv7g-Photoroom-e1758673752965.png\",\"datePublished\":\"2025-09-26T14:18:38+00:00\",\"dateModified\":\"2026-02-16T16:29:25+00:00\",\"breadcrumb\":{\"@id\":\"https:\/\/yoosavers.com\/fr\/faqs\/#breadcrumb\"},\"inLanguage\":\"fr-FR\",\"potentialAction\":[{\"@type\":\"ReadAction\",\"target\":[\"https:\/\/yoosavers.com\/fr\/faqs\/\"]}]},{\"@type\":\"ImageObject\",\"inLanguage\":\"fr-FR\",\"@id\":\"https:\/\/yoosavers.com\/fr\/faqs\/#primaryimage\",\"url\":\"http:\/\/yoosavers.com\/wp-content\/uploads\/2025\/09\/Gemini_Generated_Image_fv7g8gfv7g8gfv7g-Photoroom-e1758673752965.png\",\"contentUrl\":\"http:\/\/yoosavers.com\/wp-content\/uploads\/2025\/09\/Gemini_Generated_Image_fv7g8gfv7g8gfv7g-Photoroom-e1758673752965.png\"},{\"@type\":\"BreadcrumbList\",\"@id\":\"https:\/\/yoosavers.com\/fr\/faqs\/#breadcrumb\",\"itemListElement\":[{\"@type\":\"ListItem\",\"position\":1,\"name\":\"Home\",\"item\":\"https:\/\/yoosavers.com\/\"},{\"@type\":\"ListItem\",\"position\":2,\"name\":\"Faqs\"}]},{\"@type\":\"WebSite\",\"@id\":\"https:\/\/yoosavers.com\/#website\",\"url\":\"https:\/\/yoosavers.com\/\",\"name\":\"YooSavers\",\"description\":\"Unlocking Savings, Embracing Abundance\",\"potentialAction\":[{\"@type\":\"SearchAction\",\"target\":{\"@type\":\"EntryPoint\",\"urlTemplate\":\"https:\/\/yoosavers.com\/?s={search_term_string}\"},\"query-input\":{\"@type\":\"PropertyValueSpecification\",\"valueRequired\":true,\"valueName\":\"search_term_string\"}}],\"inLanguage\":\"fr-FR\"}]}<\/script>\n<!-- \/ Yoast SEO plugin. -->","yoast_head_json":{"title":"Faqs - YooSavers","robots":{"index":"index","follow":"follow","max-snippet":"max-snippet:-1","max-image-preview":"max-image-preview:large","max-video-preview":"max-video-preview:-1"},"canonical":"https:\/\/yoosavers.com\/fr\/faqs\/","og_locale":"fr_FR","og_type":"article","og_title":"Faqs - YooSavers","og_description":"What makes your store different from others? We offer wholesale pricing without requiring bulk purchases. Customers can buy single items","og_url":"https:\/\/yoosavers.com\/fr\/faqs\/","og_site_name":"YooSavers","article_modified_time":"2026-02-16T16:29:25+00:00","og_image":[{"url":"http:\/\/yoosavers.com\/wp-content\/uploads\/2025\/09\/Gemini_Generated_Image_fv7g8gfv7g8gfv7g-Photoroom-e1758673752965.png","type":"","width":"","height":""}],"twitter_card":"summary_large_image","twitter_misc":{"Dur\u00e9e de lecture estim\u00e9e":"2 minutes"},"schema":{"@context":"https:\/\/schema.org","@graph":[{"@type":"WebPage","@id":"https:\/\/yoosavers.com\/fr\/faqs\/","url":"https:\/\/yoosavers.com\/fr\/faqs\/","name":"Faqs - YooSavers","isPartOf":{"@id":"https:\/\/yoosavers.com\/#website"},"primaryImageOfPage":{"@id":"https:\/\/yoosavers.com\/fr\/faqs\/#primaryimage"},"image":{"@id":"https:\/\/yoosavers.com\/fr\/faqs\/#primaryimage"},"thumbnailUrl":"http:\/\/yoosavers.com\/wp-content\/uploads\/2025\/09\/Gemini_Generated_Image_fv7g8gfv7g8gfv7g-Photoroom-e1758673752965.png","datePublished":"2025-09-26T14:18:38+00:00","dateModified":"2026-02-16T16:29:25+00:00","breadcrumb":{"@id":"https:\/\/yoosavers.com\/fr\/faqs\/#breadcrumb"},"inLanguage":"fr-FR","potentialAction":[{"@type":"ReadAction","target":["https:\/\/yoosavers.com\/fr\/faqs\/"]}]},{"@type":"ImageObject","inLanguage":"fr-FR","@id":"https:\/\/yoosavers.com\/fr\/faqs\/#primaryimage","url":"http:\/\/yoosavers.com\/wp-content\/uploads\/2025\/09\/Gemini_Generated_Image_fv7g8gfv7g8gfv7g-Photoroom-e1758673752965.png","contentUrl":"http:\/\/yoosavers.com\/wp-content\/uploads\/2025\/09\/Gemini_Generated_Image_fv7g8gfv7g8gfv7g-Photoroom-e1758673752965.png"},{"@type":"BreadcrumbList","@id":"https:\/\/yoosavers.com\/fr\/faqs\/#breadcrumb","itemListElement":[{"@type":"ListItem","position":1,"name":"Home","item":"https:\/\/yoosavers.com\/"},{"@type":"ListItem","position":2,"name":"Faqs"}]},{"@type":"WebSite","@id":"https:\/\/yoosavers.com\/#website","url":"https:\/\/yoosavers.com\/","name":"YooSavers","description":"Unlocking Savings, Embracing Abundance","potentialAction":[{"@type":"SearchAction","target":{"@type":"EntryPoint","urlTemplate":"https:\/\/yoosavers.com\/?s={search_term_string}"},"query-input":{"@type":"PropertyValueSpecification","valueRequired":true,"valueName":"search_term_string"}}],"inLanguage":"fr-FR"}]}},"_links":{"self":[{"href":"https:\/\/yoosavers.com\/fr\/wp-json\/wp\/v2\/pages\/11843","targetHints":{"allow":["GET"]}}],"collection":[{"href":"https:\/\/yoosavers.com\/fr\/wp-json\/wp\/v2\/pages"}],"about":[{"href":"https:\/\/yoosavers.com\/fr\/wp-json\/wp\/v2\/types\/page"}],"author":[{"embeddable":true,"href":"https:\/\/yoosavers.com\/fr\/wp-json\/wp\/v2\/users\/1"}],"replies":[{"embeddable":true,"href":"https:\/\/yoosavers.com\/fr\/wp-json\/wp\/v2\/comments?post=11843"}],"version-history":[{"count":13,"href":"https:\/\/yoosavers.com\/fr\/wp-json\/wp\/v2\/pages\/11843\/revisions"}],"predecessor-version":[{"id":14327,"href":"https:\/\/yoosavers.com\/fr\/wp-json\/wp\/v2\/pages\/11843\/revisions\/14327"}],"wp:attachment":[{"href":"https:\/\/yoosavers.com\/fr\/wp-json\/wp\/v2\/media?parent=11843"}],"curies":[{"name":"wp","href":"https:\/\/api.w.org\/{rel}","templated":true}]}}